{"id":127,"date":"2022-11-10T09:03:32","date_gmt":"2022-11-10T08:03:32","guid":{"rendered":"https:\/\/urbex-adresse.com\/?page_id=127"},"modified":"2023-04-13T12:53:23","modified_gmt":"2023-04-13T10:53:23","slug":"faq","status":"publish","type":"page","link":"https:\/\/urbex-adresse.com\/index.php\/faq\/","title":{"rendered":"FAQ"},"content":{"rendered":"\t\t<div data-elementor-type=\"wp-page\" data-elementor-id=\"127\" class=\"elementor elementor-127\">\n\t\t\t\t\t\t<section class=\"has_eae_slider elementor-section elementor-top-section elementor-element elementor-element-3516b8f7 elementor-section-boxed elementor-section-height-default elementor-section-height-default\" data-eae-slider=\"7555\" data-id=\"3516b8f7\" data-element_type=\"section\" data-e-type=\"section\">\n\t\t\t\t\t\t<div class=\"elementor-container elementor-column-gap-default\">\n\t\t\t\t\t<div class=\"has_eae_slider elementor-column elementor-col-100 elementor-top-column elementor-element elementor-element-30c01323\" data-eae-slider=\"74453\" data-id=\"30c01323\" data-element_type=\"column\" data-e-type=\"column\">\n\t\t\t<div class=\"elementor-widget-wrap elementor-element-populated\">\n\t\t\t\t\t\t<div class=\"elementor-element elementor-element-602704a6 elementor-widget elementor-widget-text-editor\" data-id=\"602704a6\" data-element_type=\"widget\" data-e-type=\"widget\" data-widget_type=\"text-editor.default\">\n\t\t\t\t<div class=\"elementor-widget-container\">\n\t\t\t\t\t\t\t\t\t<p><\/p>\n<p><strong>Qu&rsquo;est-ce<\/strong><b> que c&rsquo;est l&rsquo;urbex ?<\/b><\/p>\n<p>L\u2019exploration urbaine, (<i>urbex)<\/i> consiste \u00e0 visiter des lieux abandonn\u00e9s.\u00a0 L\u2019explorateur urbain est appel\u00e9 urbexeur.\u00a0<\/p>\n<p><b>Le Rurex c&rsquo;est quoi ?\u00a0<\/b><\/p>\n<p>Le Rurex c&rsquo;est l&rsquo;exploration de b\u00e2timents abandonn\u00e9s en zone rurale comme des ch\u00e2teaux ou des manoirs.\u00a0\u00a0<\/p>\n<p><b>\u00c0 quoi sert votre site internet ?\u00a0<\/b><\/p>\n<p>\u00c0 vous permettre d&rsquo;acheter des adresses de lieux urbex certifi\u00e9s. Vous pourrez ensuite explorer ces emplacements.<\/p>\n<p><\/p>\n<p><\/p>\n<p><\/p>\n<p><\/p>\n<p><b>Est-ce que je vais recevoir l&rsquo;adresse sur ma bo\u00eete email ?<\/b><\/p>\n<p><\/p>\n<p><\/p>\n<p>Oui, vous allez recevoir la coordonn\u00e9e exacte du lieu directement sur votre bo\u00eete mail apr\u00e8s votre paiement. La coordonn\u00e9e sera aussi disponible sur votre espace client. Notre service client est l\u00e0 si vous avez la moindre interrogation \u00e0 ce sujet.\u00a0<\/p>\n<p><b>Vendez-vous des cartes (carte de France) ?\u00a0<\/b><\/p>\n<p>Pour l&rsquo;instant non, mais cela fait partie de nos pistes de r\u00e9flexion.<\/p>\n<p><b>Comment avez vous trouvez ces 2000 adresses ?\u00a0<\/b><\/p>\n<p>Nous sommes des passionn\u00e9s, nous traversons la France enti\u00e8re et l&rsquo;Europe pour assouvir notre passion. Nous avons d\u00e9cid\u00e9 de faire profiter au plus grand de notre passion \u00e0 travers ce site internet. Nous avons commenc\u00e9 l&rsquo;urbex en 2014, \u00e0 force de recherche et de pers\u00e9v\u00e9rance, nous avons pu recenser plus de 2000 adresses en Europe.\u00a0<\/p>\n<p><b>Je suis photographe passionn\u00e9 d&rsquo;urbex, est-il possible de mettre en place un partenariat avec vous ?\u00a0<\/b><\/p>\n<p>Oui, que ce soit pour mettre en avant votre travail ou pour \u00e9changer des urbex, un partenariat est tout \u00e0 fait possible.\u00a0<\/p>\n<p><b>Puis-je \u00eatre rembours\u00e9 si le lieu est condamn\u00e9, d\u00e9truit ou r\u00e9habilit\u00e9 ?\u00a0<\/b><\/p>\n<p>Nos urbex sont en g\u00e9n\u00e9ral \u00e0 jour, n\u00e9anmoins il se peut qu&rsquo;un ch\u00e2teau soit r\u00e9habilit\u00e9. Pas de panique, pour nous excuser, vous serez rembours\u00e9 d&rsquo;un avoir d&rsquo;un montant du double de votre commande, si le lieu est inaccessible, il faudra nous envoyer une preuve (photo) que le lieu n&rsquo;est plus accessible.\u00a0<\/p>\n<p><b>Vous r\u00e9pondez en combien de temps ?\u00a0<\/b><\/p>\n<p>Que ce soit, pour un renseignement, un \u00e9change, une question SAV, nous nous engageons \u00e0 r\u00e9pondre en moins de 24 heures.\u00a0<\/p>\n<p><b>Pour une premi\u00e8re exploration urbaine, que me conseillez-vous ?\u00a0<\/b><\/p>\n<p>Nous vous conseillons de commencer par des urbex classiques, comme une usine ou un sanatorium. Et par la suite, explorer des lieux plus prestigieux comme des manoirs ou des ch\u00e2teaux.\u00a0<\/p>\n<p><b>Quelle est la diff\u00e9rence entre cambrioleurs et urbexeurs ?\u00a0<\/b><\/p>\n<p>Un cambrioleur casse une fen\u00eatre ou une porte pour p\u00e9n\u00e9trer dans le lieu dans le but de voler. Un urbexeur ne casse rien et ne vole rien. Si ce n&rsquo;est pas possible de rentrer alors l&rsquo;urbexeur passe son tour.\u00a0<\/p>\n<p><b>Quelles sont vos valeurs ?\u00a0<\/b><\/p>\n<p>Nos valeurs reposent sur la protection du patrimoine et la protection de la nature. Veuillez de rien casser et de ne pas jeter vos d\u00e9tritus dans un urbex ou autour d&rsquo;un urbex. Un urbexeur se contente de contempler et de prendre des photos.\u00a0<\/p>\n<p><strong>Est-ce qu&rsquo;un urbexeur a le droit de changer de position certains objets d&rsquo;un urbex pour faire de meilleures photos ?\u00a0<\/strong><\/p>\n<p>Non, un urbexeur ne fait pas de la re-d\u00e9coration. Un urbexeur ne fait pas du home staging dans un but photog\u00e9nique. Aucun objet ne doit \u00eatre d\u00e9plac\u00e9.\u00a0<\/p>\n<p><b>Faut-il refermer les fen\u00eatres et les portes apr\u00e8s avoir explor\u00e9 un urbex ?<\/b>\u00a0<\/p>\n<p>Oui, vous devez toujours refermer la porte et les fen\u00eatres derri\u00e8re vous. Car sinon l&rsquo;humidit\u00e9 va s&rsquo;introduire dans l&rsquo;urbex en question.\u00a0<\/p>\n<p>\u00a0<\/p>\n<p><\/p>\n<p><\/p>\n<p><\/p>\t\t\t\t\t\t\t\t<\/div>\n\t\t\t\t<\/div>\n\t\t\t\t\t<\/div>\n\t\t<\/div>\n\t\t\t\t\t<\/div>\n\t\t<\/section>\n\t\t\t\t<\/div>\n\t\t","protected":false},"excerpt":{"rendered":"<p>Qu&rsquo;est-ce que c&rsquo;est l&rsquo;urbex ? L\u2019exploration urbaine, (urbex) consiste \u00e0 visiter des lieux abandonn\u00e9s.\u00a0 L\u2019explorateur urbain est appel\u00e9 urbexeur.\u00a0 Le Rurex c&rsquo;est quoi ?\u00a0 Le Rurex c&rsquo;est l&rsquo;exploration de b\u00e2timents abandonn\u00e9s en zone rurale comme des ch\u00e2teaux ou des manoirs.\u00a0\u00a0 \u00c0 quoi sert votre site internet ?\u00a0 \u00c0 vous permettre d&rsquo;acheter des adresses de lieux [&hellip;]<\/p>\n","protected":false},"author":1,"featured_media":0,"parent":0,"menu_order":0,"comment_status":"closed","ping_status":"closed","template":"","meta":{"_eb_attr":"","site-sidebar-layout":"default","site-content-layout":"","ast-site-content-layout":"default","site-content-style":"default","site-sidebar-style":"default","ast-global-header-display":"","ast-banner-title-visibility":"","ast-main-header-display":"","ast-hfb-above-header-display":"","ast-hfb-below-header-display":"","ast-hfb-mobile-header-display":"","site-post-title":"","ast-breadcrumbs-content":"","ast-featured-img":"","footer-sml-layout":"","ast-disable-related-posts":"","theme-transparent-header-meta":"","adv-header-id-meta":"","stick-header-meta":"","header-above-stick-meta":"","header-main-stick-meta":"","header-below-stick-meta":"","astra-migrate-meta-layouts":"default","ast-page-background-enabled":"default","ast-page-background-meta":{"desktop":{"background-color":"var(--ast-global-color-4)","background-image":"","background-repeat":"repeat","background-position":"center center","background-size":"auto","background-attachment":"scroll","background-type":"","background-media":"","overlay-type":"","overlay-color":"","overlay-opacity":"","overlay-gradient":""},"tablet":{"background-color":"","background-image":"","background-repeat":"repeat","background-position":"center center","background-size":"auto","background-attachment":"scroll","background-type":"","background-media":"","overlay-type":"","overlay-color":"","overlay-opacity":"","overlay-gradient":""},"mobile":{"background-color":"","background-image":"","background-repeat":"repeat","background-position":"center center","background-size":"auto","background-attachment":"scroll","background-type":"","background-media":"","overlay-type":"","overlay-color":"","overlay-opacity":"","overlay-gradient":""}},"ast-content-background-meta":{"desktop":{"background-color":"var(--ast-global-color-5)","background-image":"","background-repeat":"repeat","background-position":"center center","background-size":"auto","background-attachment":"scroll","background-type":"","background-media":"","overlay-type":"","overlay-color":"","overlay-opacity":"","overlay-gradient":""},"tablet":{"background-color":"var(--ast-global-color-5)","background-image":"","background-repeat":"repeat","background-position":"center center","background-size":"auto","background-attachment":"scroll","background-type":"","background-media":"","overlay-type":"","overlay-color":"","overlay-opacity":"","overlay-gradient":""},"mobile":{"background-color":"var(--ast-global-color-5)","background-image":"","background-repeat":"repeat","background-position":"center center","background-size":"auto","background-attachment":"scroll","background-type":"","background-media":"","overlay-type":"","overlay-color":"","overlay-opacity":"","overlay-gradient":""}},"footnotes":""},"class_list":["post-127","page","type-page","status-publish","hentry"],"yoast_head":"<!-- This site is optimized with the Yoast SEO plugin v27.4 - https:\/\/yoast.com\/product\/yoast-seo-wordpress\/ -->\n<title>FAQ - URBEX ADRESSE URBEX ADRESSE<\/title>\n<meta name=\"description\" content=\"Toutes les questions que vous vous posez sur notre site et sur l&#039;urbex sont disponible ici ! Bonne lecture \u00e0 tous sur notre FAQ !\" \/>\n<meta name=\"robots\" content=\"index, follow, max-snippet:-1, max-image-preview:large, max-video-preview:-1\" \/>\n<link rel=\"canonical\" href=\"https:\/\/urbex-adresse.com\/index.php\/faq\/\" \/>\n<meta property=\"og:locale\" content=\"fr_FR\" \/>\n<meta property=\"og:type\" content=\"article\" \/>\n<meta property=\"og:title\" content=\"FAQ - URBEX ADRESSE URBEX ADRESSE\" \/>\n<meta property=\"og:description\" content=\"Toutes les questions que vous vous posez sur notre site et sur l&#039;urbex sont disponible ici ! Bonne lecture \u00e0 tous sur notre FAQ !\" \/>\n<meta property=\"og:url\" content=\"https:\/\/urbex-adresse.com\/index.php\/faq\/\" \/>\n<meta property=\"og:site_name\" content=\"URBEX ADRESSE\" \/>\n<meta property=\"article:modified_time\" content=\"2023-04-13T10:53:23+00:00\" \/>\n<meta name=\"twitter:card\" content=\"summary_large_image\" \/>\n<meta name=\"twitter:label1\" content=\"Dur\u00e9e de lecture estim\u00e9e\" \/>\n\t<meta name=\"twitter:data1\" content=\"3 minutes\" \/>\n<script type=\"application\/ld+json\" class=\"yoast-schema-graph\">{\"@context\":\"https:\\\/\\\/schema.org\",\"@graph\":[{\"@type\":\"WebPage\",\"@id\":\"https:\\\/\\\/urbex-adresse.com\\\/index.php\\\/faq\\\/\",\"url\":\"https:\\\/\\\/urbex-adresse.com\\\/index.php\\\/faq\\\/\",\"name\":\"FAQ - URBEX ADRESSE URBEX ADRESSE\",\"isPartOf\":{\"@id\":\"https:\\\/\\\/urbex-adresse.com\\\/#website\"},\"datePublished\":\"2022-11-10T08:03:32+00:00\",\"dateModified\":\"2023-04-13T10:53:23+00:00\",\"description\":\"Toutes les questions que vous vous posez sur notre site et sur l'urbex sont disponible ici ! Bonne lecture \u00e0 tous sur notre FAQ !\",\"breadcrumb\":{\"@id\":\"https:\\\/\\\/urbex-adresse.com\\\/index.php\\\/faq\\\/#breadcrumb\"},\"inLanguage\":\"fr-FR\",\"potentialAction\":[{\"@type\":\"ReadAction\",\"target\":[\"https:\\\/\\\/urbex-adresse.com\\\/index.php\\\/faq\\\/\"]}]},{\"@type\":\"BreadcrumbList\",\"@id\":\"https:\\\/\\\/urbex-adresse.com\\\/index.php\\\/faq\\\/#breadcrumb\",\"itemListElement\":[{\"@type\":\"ListItem\",\"position\":1,\"name\":\"Accueil\",\"item\":\"https:\\\/\\\/urbex-adresse.com\\\/\"},{\"@type\":\"ListItem\",\"position\":2,\"name\":\"FAQ\"}]},{\"@type\":\"WebSite\",\"@id\":\"https:\\\/\\\/urbex-adresse.com\\\/#website\",\"url\":\"https:\\\/\\\/urbex-adresse.com\\\/\",\"name\":\"URBEX ADRESSE\",\"description\":\"Toutes les adresses urbex en France\",\"publisher\":{\"@id\":\"https:\\\/\\\/urbex-adresse.com\\\/#organization\"},\"potentialAction\":[{\"@type\":\"SearchAction\",\"target\":{\"@type\":\"EntryPoint\",\"urlTemplate\":\"https:\\\/\\\/urbex-adresse.com\\\/?s={search_term_string}\"},\"query-input\":{\"@type\":\"PropertyValueSpecification\",\"valueRequired\":true,\"valueName\":\"search_term_string\"}}],\"inLanguage\":\"fr-FR\"},{\"@type\":\"Organization\",\"@id\":\"https:\\\/\\\/urbex-adresse.com\\\/#organization\",\"name\":\"URBEX ADRESSE\",\"url\":\"https:\\\/\\\/urbex-adresse.com\\\/\",\"logo\":{\"@type\":\"ImageObject\",\"inLanguage\":\"fr-FR\",\"@id\":\"https:\\\/\\\/urbex-adresse.com\\\/#\\\/schema\\\/logo\\\/image\\\/\",\"url\":\"https:\\\/\\\/urbex-adresse.com\\\/wp-content\\\/uploads\\\/2023\\\/01\\\/cropped-logo3.png\",\"contentUrl\":\"https:\\\/\\\/urbex-adresse.com\\\/wp-content\\\/uploads\\\/2023\\\/01\\\/cropped-logo3.png\",\"width\":150,\"height\":123,\"caption\":\"URBEX ADRESSE\"},\"image\":{\"@id\":\"https:\\\/\\\/urbex-adresse.com\\\/#\\\/schema\\\/logo\\\/image\\\/\"}}]}<\/script>\n<!-- \/ Yoast SEO plugin. -->","yoast_head_json":{"title":"FAQ - URBEX ADRESSE URBEX ADRESSE","description":"Toutes les questions que vous vous posez sur notre site et sur l'urbex sont disponible ici ! Bonne lecture \u00e0 tous sur notre FAQ !","robots":{"index":"index","follow":"follow","max-snippet":"max-snippet:-1","max-image-preview":"max-image-preview:large","max-video-preview":"max-video-preview:-1"},"canonical":"https:\/\/urbex-adresse.com\/index.php\/faq\/","og_locale":"fr_FR","og_type":"article","og_title":"FAQ - URBEX ADRESSE URBEX ADRESSE","og_description":"Toutes les questions que vous vous posez sur notre site et sur l'urbex sont disponible ici ! Bonne lecture \u00e0 tous sur notre FAQ !","og_url":"https:\/\/urbex-adresse.com\/index.php\/faq\/","og_site_name":"URBEX ADRESSE","article_modified_time":"2023-04-13T10:53:23+00:00","twitter_card":"summary_large_image","twitter_misc":{"Dur\u00e9e de lecture estim\u00e9e":"3 minutes"},"schema":{"@context":"https:\/\/schema.org","@graph":[{"@type":"WebPage","@id":"https:\/\/urbex-adresse.com\/index.php\/faq\/","url":"https:\/\/urbex-adresse.com\/index.php\/faq\/","name":"FAQ - URBEX ADRESSE URBEX ADRESSE","isPartOf":{"@id":"https:\/\/urbex-adresse.com\/#website"},"datePublished":"2022-11-10T08:03:32+00:00","dateModified":"2023-04-13T10:53:23+00:00","description":"Toutes les questions que vous vous posez sur notre site et sur l'urbex sont disponible ici ! Bonne lecture \u00e0 tous sur notre FAQ !","breadcrumb":{"@id":"https:\/\/urbex-adresse.com\/index.php\/faq\/#breadcrumb"},"inLanguage":"fr-FR","potentialAction":[{"@type":"ReadAction","target":["https:\/\/urbex-adresse.com\/index.php\/faq\/"]}]},{"@type":"BreadcrumbList","@id":"https:\/\/urbex-adresse.com\/index.php\/faq\/#breadcrumb","itemListElement":[{"@type":"ListItem","position":1,"name":"Accueil","item":"https:\/\/urbex-adresse.com\/"},{"@type":"ListItem","position":2,"name":"FAQ"}]},{"@type":"WebSite","@id":"https:\/\/urbex-adresse.com\/#website","url":"https:\/\/urbex-adresse.com\/","name":"URBEX ADRESSE","description":"Toutes les adresses urbex en France","publisher":{"@id":"https:\/\/urbex-adresse.com\/#organization"},"potentialAction":[{"@type":"SearchAction","target":{"@type":"EntryPoint","urlTemplate":"https:\/\/urbex-adresse.com\/?s={search_term_string}"},"query-input":{"@type":"PropertyValueSpecification","valueRequired":true,"valueName":"search_term_string"}}],"inLanguage":"fr-FR"},{"@type":"Organization","@id":"https:\/\/urbex-adresse.com\/#organization","name":"URBEX ADRESSE","url":"https:\/\/urbex-adresse.com\/","logo":{"@type":"ImageObject","inLanguage":"fr-FR","@id":"https:\/\/urbex-adresse.com\/#\/schema\/logo\/image\/","url":"https:\/\/urbex-adresse.com\/wp-content\/uploads\/2023\/01\/cropped-logo3.png","contentUrl":"https:\/\/urbex-adresse.com\/wp-content\/uploads\/2023\/01\/cropped-logo3.png","width":150,"height":123,"caption":"URBEX ADRESSE"},"image":{"@id":"https:\/\/urbex-adresse.com\/#\/schema\/logo\/image\/"}}]}},"jetpack_sharing_enabled":true,"_links":{"self":[{"href":"https:\/\/urbex-adresse.com\/index.php\/wp-json\/wp\/v2\/pages\/127","targetHints":{"allow":["GET"]}}],"collection":[{"href":"https:\/\/urbex-adresse.com\/index.php\/wp-json\/wp\/v2\/pages"}],"about":[{"href":"https:\/\/urbex-adresse.com\/index.php\/wp-json\/wp\/v2\/types\/page"}],"author":[{"embeddable":true,"href":"https:\/\/urbex-adresse.com\/index.php\/wp-json\/wp\/v2\/users\/1"}],"replies":[{"embeddable":true,"href":"https:\/\/urbex-adresse.com\/index.php\/wp-json\/wp\/v2\/comments?post=127"}],"version-history":[{"count":67,"href":"https:\/\/urbex-adresse.com\/index.php\/wp-json\/wp\/v2\/pages\/127\/revisions"}],"predecessor-version":[{"id":5828,"href":"https:\/\/urbex-adresse.com\/index.php\/wp-json\/wp\/v2\/pages\/127\/revisions\/5828"}],"wp:attachment":[{"href":"https:\/\/urbex-adresse.com\/index.php\/wp-json\/wp\/v2\/media?parent=127"}],"curies":[{"name":"wp","href":"https:\/\/api.w.org\/{rel}","templated":true}]}}