{"id":129,"date":"2022-11-10T09:04:54","date_gmt":"2022-11-10T08:04:54","guid":{"rendered":"https:\/\/urbex-adresse.com\/?page_id=129"},"modified":"2023-02-13T18:50:11","modified_gmt":"2023-02-13T17:50:11","slug":"contact","status":"publish","type":"page","link":"https:\/\/urbex-adresse.com\/index.php\/contact\/","title":{"rendered":"Contact"},"content":{"rendered":"\t\t<div data-elementor-type=\"wp-page\" data-elementor-id=\"129\" class=\"elementor elementor-129\">\n\t\t\t\t\t\t<section class=\"has_eae_slider elementor-section elementor-top-section elementor-element elementor-element-cce458f elementor-section-boxed elementor-section-height-default elementor-section-height-default\" data-eae-slider=\"75659\" data-id=\"cce458f\" data-element_type=\"section\" data-e-type=\"section\">\n\t\t\t\t\t\t<div class=\"elementor-container elementor-column-gap-default\">\n\t\t\t\t\t<div class=\"has_eae_slider elementor-column elementor-col-100 elementor-top-column elementor-element elementor-element-9c904b7\" data-eae-slider=\"78541\" data-id=\"9c904b7\" data-element_type=\"column\" data-e-type=\"column\">\n\t\t\t<div class=\"elementor-widget-wrap elementor-element-populated\">\n\t\t\t\t\t\t<div class=\"elementor-element elementor-element-ce177a8 elementor-widget elementor-widget-text-editor\" data-id=\"ce177a8\" data-element_type=\"widget\" data-e-type=\"widget\" data-widget_type=\"text-editor.default\">\n\t\t\t\t<div class=\"elementor-widget-container\">\n\t\t\t\t\t\t\t\t\t<p><span style=\"font-style: inherit; font-weight: inherit; color: var( --e-global-color-text ); font-family: var( --e-global-typography-text-font-family ), Sans-serif; background-color: var(--ast-global-color-5);\">Bienvenue sur la page de contact d&rsquo;Urbex Adresse, le site d\u00e9di\u00e9 \u00e0 la vente d&rsquo;adresses d&rsquo;exploration urbaine. Nous sommes l\u00e0 pour vous \u00e9couter et vous aider \u00e0 vivre une exp\u00e9rience d&rsquo;exploration urbaine inoubliable. Si vous avez des <strong>questions<\/strong>, des <strong>commentaires<\/strong> ou des id\u00e9es \u00e0 partager, n&rsquo;h\u00e9sitez pas \u00e0 nous contacter. Nous sommes \u00e9galement ouverts \u00e0 toutes les opportunit\u00e9s de<strong> partenariat<\/strong> pour renforcer notre communaut\u00e9 d&rsquo;explorateurs urbains. De plus, si vous rencontrez des <strong>bugs<\/strong> sur notre site, n&rsquo;h\u00e9sitez pas \u00e0 nous les faire savoir afin que nous puissions les corriger rapidement. Nous visons \u00e0 fournir un service d&rsquo;excellence \u00e0 tous nos visiteurs et membres de la communaut\u00e9 d&rsquo;exploration urbaine. Contactez-nous d\u00e8s maintenant pour faire partie de l&rsquo;aventure.<\/span><\/p><p style=\"font-size: 15px; font-style: normal;\"><b>N&rsquo;h\u00e9sitez pas \u00e0 nous contacter, nous r\u00e9pondons en moins de 24 heures.\u00a0<\/b><\/p><div>\u00a0<\/div>\t\t\t\t\t\t\t\t<\/div>\n\t\t\t\t<\/div>\n\t\t\t\t\t<\/div>\n\t\t<\/div>\n\t\t\t\t\t<\/div>\n\t\t<\/section>\n\t\t\t\t<section class=\"has_eae_slider elementor-section elementor-top-section elementor-element elementor-element-af6393e elementor-section-boxed elementor-section-height-default elementor-section-height-default\" data-eae-slider=\"21574\" data-id=\"af6393e\" data-element_type=\"section\" data-e-type=\"section\">\n\t\t\t\t\t\t<div class=\"elementor-container elementor-column-gap-default\">\n\t\t\t\t\t<div class=\"has_eae_slider elementor-column elementor-col-100 elementor-top-column elementor-element elementor-element-fcbecb5\" data-eae-slider=\"25180\" data-id=\"fcbecb5\" data-element_type=\"column\" data-e-type=\"column\">\n\t\t\t<div class=\"elementor-widget-wrap elementor-element-populated\">\n\t\t\t\t\t\t<div class=\"elementor-element elementor-element-5c7ec13 elementor-widget elementor-widget-wpforms\" data-id=\"5c7ec13\" data-element_type=\"widget\" data-e-type=\"widget\" data-widget_type=\"wpforms.default\">\n\t\t\t\t<div class=\"elementor-widget-container\">\n\t\t\t\t\t<div class=\"wpforms-container wpforms-container-full\" id=\"wpforms-4754\"><form id=\"wpforms-form-4754\" class=\"wpforms-validate wpforms-form wpforms-ajax-form\" data-formid=\"4754\" method=\"post\" enctype=\"multipart\/form-data\" action=\"\/index.php\/wp-json\/wp\/v2\/pages\/129\" data-token=\"d5ec3cc61f2d1eb76263ffe38f7c123d\" data-token-time=\"1776329703\"><noscript class=\"wpforms-error-noscript\">Veuillez activer JavaScript dans votre navigateur pour remplir ce formulaire.<\/noscript><div class=\"wpforms-field-container\"><div id=\"wpforms-4754-field_0-container\" class=\"wpforms-field wpforms-field-name\" data-field-id=\"0\"><label class=\"wpforms-field-label\">Pr\u00e9nom, Nom <span class=\"wpforms-required-label\">*<\/span><\/label><div class=\"wpforms-field-row wpforms-field-medium\"><div class=\"wpforms-field-row-block wpforms-first wpforms-one-half\"><input type=\"text\" id=\"wpforms-4754-field_0\" class=\"wpforms-field-name-first wpforms-field-required\" name=\"wpforms[fields][0][first]\" required><label for=\"wpforms-4754-field_0\" class=\"wpforms-field-sublabel after\">Pr\u00e9nom<\/label><\/div><div class=\"wpforms-field-row-block wpforms-one-half\"><input type=\"text\" id=\"wpforms-4754-field_0-last\" class=\"wpforms-field-name-last wpforms-field-required\" name=\"wpforms[fields][0][last]\" required><label for=\"wpforms-4754-field_0-last\" class=\"wpforms-field-sublabel after\">Nom<\/label><\/div><\/div><\/div><div id=\"wpforms-4754-field_1-container\" class=\"wpforms-field wpforms-field-email\" data-field-id=\"1\"><label class=\"wpforms-field-label\" for=\"wpforms-4754-field_1\">E-mail <span class=\"wpforms-required-label\">*<\/span><\/label><input type=\"email\" id=\"wpforms-4754-field_1\" class=\"wpforms-field-medium wpforms-field-required\" name=\"wpforms[fields][1]\" spellcheck=\"false\" required><\/div><div id=\"wpforms-4754-field_2-container\" class=\"wpforms-field wpforms-field-textarea\" data-field-id=\"2\"><label class=\"wpforms-field-label\" for=\"wpforms-4754-field_2\">Commentaire ou message<\/label><textarea id=\"wpforms-4754-field_2\" class=\"wpforms-field-medium\" name=\"wpforms[fields][2]\" ><\/textarea><\/div><\/div><!-- .wpforms-field-container --><div class=\"wpforms-submit-container\" ><input type=\"hidden\" name=\"wpforms[id]\" value=\"4754\"><input type=\"hidden\" name=\"page_title\" value=\"\"><input type=\"hidden\" name=\"page_url\" value=\"https:\/\/urbex-adresse.com\/index.php\/wp-json\/wp\/v2\/pages\/129\"><input type=\"hidden\" name=\"url_referer\" value=\"\"><button type=\"submit\" name=\"wpforms[submit]\" id=\"wpforms-submit-4754\" class=\"wpforms-submit\" data-alt-text=\"Envoi en cours\" data-submit-text=\"Envoyer\" aria-live=\"assertive\" value=\"wpforms-submit\">Envoyer<\/button><img decoding=\"async\" src=\"https:\/\/urbex-adresse.com\/wp-content\/plugins\/wpforms-lite\/assets\/images\/submit-spin.svg\" class=\"wpforms-submit-spinner\" style=\"display: none;\" width=\"26\" height=\"26\" alt=\"Chargement en cours\"><\/div><\/form><\/div>  <!-- .wpforms-container -->\t\t\t\t<\/div>\n\t\t\t\t<\/div>\n\t\t\t\t\t<\/div>\n\t\t<\/div>\n\t\t\t\t\t<\/div>\n\t\t<\/section>\n\t\t\t\t<\/div>\n\t\t","protected":false},"excerpt":{"rendered":"<p>Bienvenue sur la page de contact d&rsquo;Urbex Adresse, le site d\u00e9di\u00e9 \u00e0 la vente d&rsquo;adresses d&rsquo;exploration urbaine. Nous sommes l\u00e0 pour vous \u00e9couter et vous aider \u00e0 vivre une exp\u00e9rience d&rsquo;exploration urbaine inoubliable. Si vous avez des questions, des commentaires ou des id\u00e9es \u00e0 partager, n&rsquo;h\u00e9sitez pas \u00e0 nous contacter. Nous sommes \u00e9galement ouverts \u00e0 [&hellip;]<\/p>\n","protected":false},"author":1,"featured_media":0,"parent":0,"menu_order":0,"comment_status":"closed","ping_status":"closed","template":"","meta":{"_eb_attr":"","site-sidebar-layout":"no-sidebar","site-content-layout":"page-builder","ast-site-content-layout":"default","site-content-style":"default","site-sidebar-style":"default","ast-global-header-display":"","ast-banner-title-visibility":"","ast-main-header-display":"","ast-hfb-above-header-display":"","ast-hfb-below-header-display":"","ast-hfb-mobile-header-display":"","site-post-title":"disabled","ast-breadcrumbs-content":"","ast-featured-img":"disabled","footer-sml-layout":"","ast-disable-related-posts":"","theme-transparent-header-meta":"","adv-header-id-meta":"","stick-header-meta":"","header-above-stick-meta":"","header-main-stick-meta":"","header-below-stick-meta":"","astra-migrate-meta-layouts":"default","ast-page-background-enabled":"default","ast-page-background-meta":{"desktop":{"background-color":"var(--ast-global-color-4)","background-image":"","background-repeat":"repeat","background-position":"center center","background-size":"auto","background-attachment":"scroll","background-type":"","background-media":"","overlay-type":"","overlay-color":"","overlay-opacity":"","overlay-gradient":""},"tablet":{"background-color":"","background-image":"","background-repeat":"repeat","background-position":"center center","background-size":"auto","background-attachment":"scroll","background-type":"","background-media":"","overlay-type":"","overlay-color":"","overlay-opacity":"","overlay-gradient":""},"mobile":{"background-color":"","background-image":"","background-repeat":"repeat","background-position":"center center","background-size":"auto","background-attachment":"scroll","background-type":"","background-media":"","overlay-type":"","overlay-color":"","overlay-opacity":"","overlay-gradient":""}},"ast-content-background-meta":{"desktop":{"background-color":"var(--ast-global-color-5)","background-image":"","background-repeat":"repeat","background-position":"center center","background-size":"auto","background-attachment":"scroll","background-type":"","background-media":"","overlay-type":"","overlay-color":"","overlay-opacity":"","overlay-gradient":""},"tablet":{"background-color":"var(--ast-global-color-5)","background-image":"","background-repeat":"repeat","background-position":"center center","background-size":"auto","background-attachment":"scroll","background-type":"","background-media":"","overlay-type":"","overlay-color":"","overlay-opacity":"","overlay-gradient":""},"mobile":{"background-color":"var(--ast-global-color-5)","background-image":"","background-repeat":"repeat","background-position":"center center","background-size":"auto","background-attachment":"scroll","background-type":"","background-media":"","overlay-type":"","overlay-color":"","overlay-opacity":"","overlay-gradient":""}},"footnotes":""},"class_list":["post-129","page","type-page","status-publish","hentry"],"yoast_head":"<!-- This site is optimized with the Yoast SEO plugin v27.4 - https:\/\/yoast.com\/product\/yoast-seo-wordpress\/ -->\n<title>Contact - URBEX ADRESSE<\/title>\n<meta name=\"description\" content=\"Pour nous contacter c&#039;est par ici ? Vous avez une question \u00e0 nous poser ! Urbex Adresse y r\u00e9pondra en moins de 24 heures.\" \/>\n<meta name=\"robots\" content=\"index, follow, max-snippet:-1, max-image-preview:large, max-video-preview:-1\" \/>\n<link rel=\"canonical\" href=\"https:\/\/urbex-adresse.com\/index.php\/contact\/\" \/>\n<meta property=\"og:locale\" content=\"fr_FR\" \/>\n<meta property=\"og:type\" content=\"article\" \/>\n<meta property=\"og:title\" content=\"Contact - URBEX ADRESSE\" \/>\n<meta property=\"og:description\" content=\"Pour nous contacter c&#039;est par ici ? Vous avez une question \u00e0 nous poser ! Urbex Adresse y r\u00e9pondra en moins de 24 heures.\" \/>\n<meta property=\"og:url\" content=\"https:\/\/urbex-adresse.com\/index.php\/contact\/\" \/>\n<meta property=\"og:site_name\" content=\"URBEX ADRESSE\" \/>\n<meta property=\"article:modified_time\" content=\"2023-02-13T17:50:11+00:00\" \/>\n<meta name=\"twitter:card\" content=\"summary_large_image\" \/>\n<meta name=\"twitter:label1\" content=\"Dur\u00e9e de lecture estim\u00e9e\" \/>\n\t<meta name=\"twitter:data1\" content=\"1 minute\" \/>\n<script type=\"application\/ld+json\" class=\"yoast-schema-graph\">{\"@context\":\"https:\\\/\\\/schema.org\",\"@graph\":[{\"@type\":\"WebPage\",\"@id\":\"https:\\\/\\\/urbex-adresse.com\\\/index.php\\\/contact\\\/\",\"url\":\"https:\\\/\\\/urbex-adresse.com\\\/index.php\\\/contact\\\/\",\"name\":\"Contact - URBEX ADRESSE\",\"isPartOf\":{\"@id\":\"https:\\\/\\\/urbex-adresse.com\\\/#website\"},\"datePublished\":\"2022-11-10T08:04:54+00:00\",\"dateModified\":\"2023-02-13T17:50:11+00:00\",\"description\":\"Pour nous contacter c'est par ici ? Vous avez une question \u00e0 nous poser ! Urbex Adresse y r\u00e9pondra en moins de 24 heures.\",\"breadcrumb\":{\"@id\":\"https:\\\/\\\/urbex-adresse.com\\\/index.php\\\/contact\\\/#breadcrumb\"},\"inLanguage\":\"fr-FR\",\"potentialAction\":[{\"@type\":\"ReadAction\",\"target\":[\"https:\\\/\\\/urbex-adresse.com\\\/index.php\\\/contact\\\/\"]}]},{\"@type\":\"BreadcrumbList\",\"@id\":\"https:\\\/\\\/urbex-adresse.com\\\/index.php\\\/contact\\\/#breadcrumb\",\"itemListElement\":[{\"@type\":\"ListItem\",\"position\":1,\"name\":\"Accueil\",\"item\":\"https:\\\/\\\/urbex-adresse.com\\\/\"},{\"@type\":\"ListItem\",\"position\":2,\"name\":\"Contact\"}]},{\"@type\":\"WebSite\",\"@id\":\"https:\\\/\\\/urbex-adresse.com\\\/#website\",\"url\":\"https:\\\/\\\/urbex-adresse.com\\\/\",\"name\":\"URBEX ADRESSE\",\"description\":\"Toutes les adresses urbex en France\",\"publisher\":{\"@id\":\"https:\\\/\\\/urbex-adresse.com\\\/#organization\"},\"potentialAction\":[{\"@type\":\"SearchAction\",\"target\":{\"@type\":\"EntryPoint\",\"urlTemplate\":\"https:\\\/\\\/urbex-adresse.com\\\/?s={search_term_string}\"},\"query-input\":{\"@type\":\"PropertyValueSpecification\",\"valueRequired\":true,\"valueName\":\"search_term_string\"}}],\"inLanguage\":\"fr-FR\"},{\"@type\":\"Organization\",\"@id\":\"https:\\\/\\\/urbex-adresse.com\\\/#organization\",\"name\":\"URBEX ADRESSE\",\"url\":\"https:\\\/\\\/urbex-adresse.com\\\/\",\"logo\":{\"@type\":\"ImageObject\",\"inLanguage\":\"fr-FR\",\"@id\":\"https:\\\/\\\/urbex-adresse.com\\\/#\\\/schema\\\/logo\\\/image\\\/\",\"url\":\"https:\\\/\\\/urbex-adresse.com\\\/wp-content\\\/uploads\\\/2023\\\/01\\\/cropped-logo3.png\",\"contentUrl\":\"https:\\\/\\\/urbex-adresse.com\\\/wp-content\\\/uploads\\\/2023\\\/01\\\/cropped-logo3.png\",\"width\":150,\"height\":123,\"caption\":\"URBEX ADRESSE\"},\"image\":{\"@id\":\"https:\\\/\\\/urbex-adresse.com\\\/#\\\/schema\\\/logo\\\/image\\\/\"}}]}<\/script>\n<!-- \/ Yoast SEO plugin. -->","yoast_head_json":{"title":"Contact - URBEX ADRESSE","description":"Pour nous contacter c'est par ici ? Vous avez une question \u00e0 nous poser ! Urbex Adresse y r\u00e9pondra en moins de 24 heures.","robots":{"index":"index","follow":"follow","max-snippet":"max-snippet:-1","max-image-preview":"max-image-preview:large","max-video-preview":"max-video-preview:-1"},"canonical":"https:\/\/urbex-adresse.com\/index.php\/contact\/","og_locale":"fr_FR","og_type":"article","og_title":"Contact - URBEX ADRESSE","og_description":"Pour nous contacter c'est par ici ? Vous avez une question \u00e0 nous poser ! Urbex Adresse y r\u00e9pondra en moins de 24 heures.","og_url":"https:\/\/urbex-adresse.com\/index.php\/contact\/","og_site_name":"URBEX ADRESSE","article_modified_time":"2023-02-13T17:50:11+00:00","twitter_card":"summary_large_image","twitter_misc":{"Dur\u00e9e de lecture estim\u00e9e":"1 minute"},"schema":{"@context":"https:\/\/schema.org","@graph":[{"@type":"WebPage","@id":"https:\/\/urbex-adresse.com\/index.php\/contact\/","url":"https:\/\/urbex-adresse.com\/index.php\/contact\/","name":"Contact - URBEX ADRESSE","isPartOf":{"@id":"https:\/\/urbex-adresse.com\/#website"},"datePublished":"2022-11-10T08:04:54+00:00","dateModified":"2023-02-13T17:50:11+00:00","description":"Pour nous contacter c'est par ici ? Vous avez une question \u00e0 nous poser ! Urbex Adresse y r\u00e9pondra en moins de 24 heures.","breadcrumb":{"@id":"https:\/\/urbex-adresse.com\/index.php\/contact\/#breadcrumb"},"inLanguage":"fr-FR","potentialAction":[{"@type":"ReadAction","target":["https:\/\/urbex-adresse.com\/index.php\/contact\/"]}]},{"@type":"BreadcrumbList","@id":"https:\/\/urbex-adresse.com\/index.php\/contact\/#breadcrumb","itemListElement":[{"@type":"ListItem","position":1,"name":"Accueil","item":"https:\/\/urbex-adresse.com\/"},{"@type":"ListItem","position":2,"name":"Contact"}]},{"@type":"WebSite","@id":"https:\/\/urbex-adresse.com\/#website","url":"https:\/\/urbex-adresse.com\/","name":"URBEX ADRESSE","description":"Toutes les adresses urbex en France","publisher":{"@id":"https:\/\/urbex-adresse.com\/#organization"},"potentialAction":[{"@type":"SearchAction","target":{"@type":"EntryPoint","urlTemplate":"https:\/\/urbex-adresse.com\/?s={search_term_string}"},"query-input":{"@type":"PropertyValueSpecification","valueRequired":true,"valueName":"search_term_string"}}],"inLanguage":"fr-FR"},{"@type":"Organization","@id":"https:\/\/urbex-adresse.com\/#organization","name":"URBEX ADRESSE","url":"https:\/\/urbex-adresse.com\/","logo":{"@type":"ImageObject","inLanguage":"fr-FR","@id":"https:\/\/urbex-adresse.com\/#\/schema\/logo\/image\/","url":"https:\/\/urbex-adresse.com\/wp-content\/uploads\/2023\/01\/cropped-logo3.png","contentUrl":"https:\/\/urbex-adresse.com\/wp-content\/uploads\/2023\/01\/cropped-logo3.png","width":150,"height":123,"caption":"URBEX ADRESSE"},"image":{"@id":"https:\/\/urbex-adresse.com\/#\/schema\/logo\/image\/"}}]}},"jetpack_sharing_enabled":true,"_links":{"self":[{"href":"https:\/\/urbex-adresse.com\/index.php\/wp-json\/wp\/v2\/pages\/129","targetHints":{"allow":["GET"]}}],"collection":[{"href":"https:\/\/urbex-adresse.com\/index.php\/wp-json\/wp\/v2\/pages"}],"about":[{"href":"https:\/\/urbex-adresse.com\/index.php\/wp-json\/wp\/v2\/types\/page"}],"author":[{"embeddable":true,"href":"https:\/\/urbex-adresse.com\/index.php\/wp-json\/wp\/v2\/users\/1"}],"replies":[{"embeddable":true,"href":"https:\/\/urbex-adresse.com\/index.php\/wp-json\/wp\/v2\/comments?post=129"}],"version-history":[{"count":14,"href":"https:\/\/urbex-adresse.com\/index.php\/wp-json\/wp\/v2\/pages\/129\/revisions"}],"predecessor-version":[{"id":5541,"href":"https:\/\/urbex-adresse.com\/index.php\/wp-json\/wp\/v2\/pages\/129\/revisions\/5541"}],"wp:attachment":[{"href":"https:\/\/urbex-adresse.com\/index.php\/wp-json\/wp\/v2\/media?parent=129"}],"curies":[{"name":"wp","href":"https:\/\/api.w.org\/{rel}","templated":true}]}}