{"id":131,"date":"2022-11-10T09:05:21","date_gmt":"2022-11-10T08:05:21","guid":{"rendered":"https:\/\/urbex-adresse.com\/?page_id=131"},"modified":"2023-01-09T17:37:06","modified_gmt":"2023-01-09T16:37:06","slug":"soumettre-un-echange","status":"publish","type":"page","link":"https:\/\/urbex-adresse.com\/index.php\/soumettre-un-echange\/","title":{"rendered":"Soumettre un \u00e9change"},"content":{"rendered":"\t\t<div data-elementor-type=\"wp-page\" data-elementor-id=\"131\" class=\"elementor elementor-131\">\n\t\t\t\t\t\t<section class=\"has_eae_slider elementor-section elementor-top-section elementor-element elementor-element-4dda97c elementor-section-boxed elementor-section-height-default elementor-section-height-default\" data-eae-slider=\"70483\" data-id=\"4dda97c\" data-element_type=\"section\" data-e-type=\"section\">\n\t\t\t\t\t\t<div class=\"elementor-container elementor-column-gap-default\">\n\t\t\t\t\t<div class=\"has_eae_slider elementor-column elementor-col-100 elementor-top-column elementor-element elementor-element-c47c006\" data-eae-slider=\"30448\" data-id=\"c47c006\" data-element_type=\"column\" data-e-type=\"column\">\n\t\t\t<div class=\"elementor-widget-wrap elementor-element-populated\">\n\t\t\t\t\t\t<div class=\"elementor-element elementor-element-2effc8e elementor-widget elementor-widget-text-editor\" data-id=\"2effc8e\" data-element_type=\"widget\" data-e-type=\"widget\" data-widget_type=\"text-editor.default\">\n\t\t\t\t<div class=\"elementor-widget-container\">\n\t\t\t\t\t\t\t\t\t<p>Vous souhaitez \u00e9changer avec nous un ou plusieurs urbex ? C&rsquo;est avec grand plaisir que nous serons int\u00e9ress\u00e9s par la d\u00e9couverte de nouveaux lieux. Nous nous engageons \u00e0 r\u00e9pondre en moins de 24 heures.\u00a0<\/p><p>Si vous souhaitez \u00e9changer plus d&rsquo;une centaine de lieux, cela est tout \u00e0 fait possible. Nous avons d\u00e9j\u00e0 r\u00e9alis\u00e9 d&rsquo;importants \u00e9changes avec des photographes ou des passionn\u00e9s d&rsquo;urbex. Dans le cas d&rsquo;un \u00e9change de nombreux points veuillez nous contacter par la page contact.\u00a0<\/p><p>Pour les \u00e9changes d&rsquo;un point ou de quelques points, nous remercions de suivre la proc\u00e9dure suivante :\u00a0<\/p><p>Veuillez d&rsquo;abord v\u00e9rifier que nous ne poss\u00e9dons pas le lieu en question, puis remplissez le questionnaire suivant :\u00a0<\/p><p>\u00a0<\/p>\t\t\t\t\t\t\t\t<\/div>\n\t\t\t\t<\/div>\n\t\t\t\t<div class=\"elementor-element elementor-element-4d82887 elementor-widget elementor-widget-wpforms\" data-id=\"4d82887\" data-element_type=\"widget\" data-e-type=\"widget\" data-widget_type=\"wpforms.default\">\n\t\t\t\t<div class=\"elementor-widget-container\">\n\t\t\t\t\t<div class=\"wpforms-container wpforms-container-full\" id=\"wpforms-4776\"><form id=\"wpforms-form-4776\" class=\"wpforms-validate wpforms-form wpforms-ajax-form\" data-formid=\"4776\" method=\"post\" enctype=\"multipart\/form-data\" action=\"\/index.php\/wp-json\/wp\/v2\/pages\/131\" data-token=\"e808e35da508b88499f66b7b8e465a08\" data-token-time=\"1776329697\"><noscript class=\"wpforms-error-noscript\">Veuillez activer JavaScript dans votre navigateur pour remplir ce formulaire.<\/noscript><div class=\"wpforms-field-container\"><div id=\"wpforms-4776-field_1-container\" class=\"wpforms-field wpforms-field-name\" data-field-id=\"1\"><label class=\"wpforms-field-label\">Pr\u00e9nom, Nom <span class=\"wpforms-required-label\">*<\/span><\/label><div class=\"wpforms-field-row wpforms-field-medium\"><div class=\"wpforms-field-row-block wpforms-first wpforms-one-half\"><input type=\"text\" id=\"wpforms-4776-field_1\" class=\"wpforms-field-name-first wpforms-field-required\" name=\"wpforms[fields][1][first]\" required><label for=\"wpforms-4776-field_1\" class=\"wpforms-field-sublabel after\">Pr\u00e9nom<\/label><\/div><div class=\"wpforms-field-row-block wpforms-one-half\"><input type=\"text\" id=\"wpforms-4776-field_1-last\" class=\"wpforms-field-name-last wpforms-field-required\" name=\"wpforms[fields][1][last]\" required><label for=\"wpforms-4776-field_1-last\" class=\"wpforms-field-sublabel after\">Nom<\/label><\/div><\/div><\/div><div id=\"wpforms-4776-field_2-container\" class=\"wpforms-field wpforms-field-email\" data-field-id=\"2\"><label class=\"wpforms-field-label\" for=\"wpforms-4776-field_2\">Email <span class=\"wpforms-required-label\">*<\/span><\/label><input type=\"email\" id=\"wpforms-4776-field_2\" class=\"wpforms-field-medium wpforms-field-required\" name=\"wpforms[fields][2]\" spellcheck=\"false\" required><\/div><div id=\"wpforms-4776-field_5-container\" class=\"wpforms-field wpforms-field-radio\" data-field-id=\"5\"><label class=\"wpforms-field-label\">Quelle est la valeur de l&#039;urbex ?<\/label><ul id=\"wpforms-4776-field_5\"><li class=\"choice-1 depth-1\"><input type=\"radio\" id=\"wpforms-4776-field_5_1\" name=\"wpforms[fields][5]\" value=\"Classique\"  ><label class=\"wpforms-field-label-inline\" for=\"wpforms-4776-field_5_1\">Classique<\/label><\/li><li class=\"choice-2 depth-1 wpforms-selected\"><input type=\"radio\" id=\"wpforms-4776-field_5_2\" name=\"wpforms[fields][5]\" value=\"Superieur\"   checked='checked'><label class=\"wpforms-field-label-inline\" for=\"wpforms-4776-field_5_2\">Superieur<\/label><\/li><li class=\"choice-3 depth-1\"><input type=\"radio\" id=\"wpforms-4776-field_5_3\" name=\"wpforms[fields][5]\" value=\"Premium\"  ><label class=\"wpforms-field-label-inline\" for=\"wpforms-4776-field_5_3\">Premium<\/label><\/li><\/ul><\/div><div id=\"wpforms-4776-field_6-container\" class=\"wpforms-field wpforms-field-text\" data-field-id=\"6\"><label class=\"wpforms-field-label\" for=\"wpforms-4776-field_6\">Adresse de l&#039;urbex  <span class=\"wpforms-required-label\">*<\/span><\/label><input type=\"text\" id=\"wpforms-4776-field_6\" class=\"wpforms-field-medium wpforms-field-required\" name=\"wpforms[fields][6]\" required><div class=\"wpforms-field-description\">L'emplacement ou vos emplacements (nom de l\u2019urbex, coordonn\u00e9es GPS ou adresse pr\u00e9cise) :<\/div><\/div><div id=\"wpforms-4776-field_8-container\" class=\"wpforms-field wpforms-field-text\" data-field-id=\"8\"><label class=\"wpforms-field-label\" for=\"wpforms-4776-field_8\">Photo de l&#039;urbex <span class=\"wpforms-required-label\">*<\/span><\/label><input type=\"text\" id=\"wpforms-4776-field_8\" class=\"wpforms-field-medium wpforms-field-required\" name=\"wpforms[fields][8]\" required><div class=\"wpforms-field-description\">T\u00e9l\u00e9chargez les images sur un service comme https:\/\/filebin.net\/ et collez le lien ici<\/div><\/div><div id=\"wpforms-4776-field_3-container\" class=\"wpforms-field wpforms-field-text\" data-field-id=\"3\"><label class=\"wpforms-field-label\" for=\"wpforms-4776-field_3\">Quels sont les urbex que vous voulez ? <span class=\"wpforms-required-label\">*<\/span><\/label><input type=\"text\" id=\"wpforms-4776-field_3\" class=\"wpforms-field-medium wpforms-field-required\" name=\"wpforms[fields][3]\" required><\/div><div id=\"wpforms-4776-field_7-container\" class=\"wpforms-field wpforms-field-text\" data-field-id=\"7\"><label class=\"wpforms-field-label\" for=\"wpforms-4776-field_7\">Renseignements compl\u00e9mentaires<\/label><input type=\"text\" id=\"wpforms-4776-field_7\" class=\"wpforms-field-medium\" name=\"wpforms[fields][7]\" ><div class=\"wpforms-field-description\">SI vous avez des renseignements compl\u00e9mentaires \u00e0 donner<\/div><\/div><\/div><!-- .wpforms-field-container --><div class=\"wpforms-submit-container\" ><input type=\"hidden\" name=\"wpforms[id]\" value=\"4776\"><input type=\"hidden\" name=\"page_title\" value=\"\"><input type=\"hidden\" name=\"page_url\" value=\"https:\/\/urbex-adresse.com\/index.php\/wp-json\/wp\/v2\/pages\/131\"><input type=\"hidden\" name=\"url_referer\" value=\"\"><button type=\"submit\" name=\"wpforms[submit]\" id=\"wpforms-submit-4776\" class=\"wpforms-submit\" data-alt-text=\"Envoi en cours\" data-submit-text=\"Soumettre\" aria-live=\"assertive\" value=\"wpforms-submit\">Soumettre<\/button><img decoding=\"async\" src=\"https:\/\/urbex-adresse.com\/wp-content\/plugins\/wpforms-lite\/assets\/images\/submit-spin.svg\" class=\"wpforms-submit-spinner\" style=\"display: none;\" width=\"26\" height=\"26\" alt=\"Chargement en cours\"><\/div><\/form><\/div>  <!-- .wpforms-container -->\t\t\t\t<\/div>\n\t\t\t\t<\/div>\n\t\t\t\t\t<\/div>\n\t\t<\/div>\n\t\t\t\t\t<\/div>\n\t\t<\/section>\n\t\t\t\t<\/div>\n\t\t","protected":false},"excerpt":{"rendered":"<p>Vous souhaitez \u00e9changer avec nous un ou plusieurs urbex ? C&rsquo;est avec grand plaisir que nous serons int\u00e9ress\u00e9s par la d\u00e9couverte de nouveaux lieux. Nous nous engageons \u00e0 r\u00e9pondre en moins de 24 heures.\u00a0 Si vous souhaitez \u00e9changer plus d&rsquo;une centaine de lieux, cela est tout \u00e0 fait possible. Nous avons d\u00e9j\u00e0 r\u00e9alis\u00e9 d&rsquo;importants \u00e9changes [&hellip;]<\/p>\n","protected":false},"author":1,"featured_media":0,"parent":0,"menu_order":0,"comment_status":"closed","ping_status":"closed","template":"","meta":{"_eb_attr":"","site-sidebar-layout":"no-sidebar","site-content-layout":"page-builder","ast-site-content-layout":"default","site-content-style":"default","site-sidebar-style":"default","ast-global-header-display":"","ast-banner-title-visibility":"","ast-main-header-display":"","ast-hfb-above-header-display":"","ast-hfb-below-header-display":"","ast-hfb-mobile-header-display":"","site-post-title":"disabled","ast-breadcrumbs-content":"","ast-featured-img":"disabled","footer-sml-layout":"","ast-disable-related-posts":"","theme-transparent-header-meta":"","adv-header-id-meta":"","stick-header-meta":"","header-above-stick-meta":"","header-main-stick-meta":"","header-below-stick-meta":"","astra-migrate-meta-layouts":"default","ast-page-background-enabled":"default","ast-page-background-meta":{"desktop":{"background-color":"var(--ast-global-color-4)","background-image":"","background-repeat":"repeat","background-position":"center center","background-size":"auto","background-attachment":"scroll","background-type":"","background-media":"","overlay-type":"","overlay-color":"","overlay-opacity":"","overlay-gradient":""},"tablet":{"background-color":"","background-image":"","background-repeat":"repeat","background-position":"center center","background-size":"auto","background-attachment":"scroll","background-type":"","background-media":"","overlay-type":"","overlay-color":"","overlay-opacity":"","overlay-gradient":""},"mobile":{"background-color":"","background-image":"","background-repeat":"repeat","background-position":"center center","background-size":"auto","background-attachment":"scroll","background-type":"","background-media":"","overlay-type":"","overlay-color":"","overlay-opacity":"","overlay-gradient":""}},"ast-content-background-meta":{"desktop":{"background-color":"var(--ast-global-color-5)","background-image":"","background-repeat":"repeat","background-position":"center center","background-size":"auto","background-attachment":"scroll","background-type":"","background-media":"","overlay-type":"","overlay-color":"","overlay-opacity":"","overlay-gradient":""},"tablet":{"background-color":"var(--ast-global-color-5)","background-image":"","background-repeat":"repeat","background-position":"center center","background-size":"auto","background-attachment":"scroll","background-type":"","background-media":"","overlay-type":"","overlay-color":"","overlay-opacity":"","overlay-gradient":""},"mobile":{"background-color":"var(--ast-global-color-5)","background-image":"","background-repeat":"repeat","background-position":"center center","background-size":"auto","background-attachment":"scroll","background-type":"","background-media":"","overlay-type":"","overlay-color":"","overlay-opacity":"","overlay-gradient":""}},"footnotes":""},"class_list":["post-131","page","type-page","status-publish","hentry"],"yoast_head":"<!-- This site is optimized with the Yoast SEO plugin v27.4 - https:\/\/yoast.com\/product\/yoast-seo-wordpress\/ -->\n<title>Soumettre un \u00e9change - URBEX ADRESSE<\/title>\n<meta name=\"description\" content=\"Vous voulez \u00e9changer vos adresses urbex de lieux abandonn\u00e9s. Nous avons des milliers urbex \u00e0 votre dispositions pour un \u00e9change !\" \/>\n<meta name=\"robots\" content=\"index, follow, max-snippet:-1, max-image-preview:large, max-video-preview:-1\" \/>\n<link rel=\"canonical\" href=\"https:\/\/urbex-adresse.com\/index.php\/soumettre-un-echange\/\" \/>\n<meta property=\"og:locale\" content=\"fr_FR\" \/>\n<meta property=\"og:type\" content=\"article\" \/>\n<meta property=\"og:title\" content=\"Soumettre un \u00e9change - URBEX ADRESSE\" \/>\n<meta property=\"og:description\" content=\"Vous voulez \u00e9changer vos adresses urbex de lieux abandonn\u00e9s. Nous avons des milliers urbex \u00e0 votre dispositions pour un \u00e9change !\" \/>\n<meta property=\"og:url\" content=\"https:\/\/urbex-adresse.com\/index.php\/soumettre-un-echange\/\" \/>\n<meta property=\"og:site_name\" content=\"URBEX ADRESSE\" \/>\n<meta property=\"article:modified_time\" content=\"2023-01-09T16:37:06+00:00\" \/>\n<meta name=\"twitter:card\" content=\"summary_large_image\" \/>\n<meta name=\"twitter:label1\" content=\"Dur\u00e9e de lecture estim\u00e9e\" \/>\n\t<meta name=\"twitter:data1\" content=\"1 minute\" \/>\n<script type=\"application\/ld+json\" class=\"yoast-schema-graph\">{\"@context\":\"https:\\\/\\\/schema.org\",\"@graph\":[{\"@type\":\"WebPage\",\"@id\":\"https:\\\/\\\/urbex-adresse.com\\\/index.php\\\/soumettre-un-echange\\\/\",\"url\":\"https:\\\/\\\/urbex-adresse.com\\\/index.php\\\/soumettre-un-echange\\\/\",\"name\":\"Soumettre un \u00e9change - URBEX ADRESSE\",\"isPartOf\":{\"@id\":\"https:\\\/\\\/urbex-adresse.com\\\/#website\"},\"datePublished\":\"2022-11-10T08:05:21+00:00\",\"dateModified\":\"2023-01-09T16:37:06+00:00\",\"description\":\"Vous voulez \u00e9changer vos adresses urbex de lieux abandonn\u00e9s. Nous avons des milliers urbex \u00e0 votre dispositions pour un \u00e9change !\",\"breadcrumb\":{\"@id\":\"https:\\\/\\\/urbex-adresse.com\\\/index.php\\\/soumettre-un-echange\\\/#breadcrumb\"},\"inLanguage\":\"fr-FR\",\"potentialAction\":[{\"@type\":\"ReadAction\",\"target\":[\"https:\\\/\\\/urbex-adresse.com\\\/index.php\\\/soumettre-un-echange\\\/\"]}]},{\"@type\":\"BreadcrumbList\",\"@id\":\"https:\\\/\\\/urbex-adresse.com\\\/index.php\\\/soumettre-un-echange\\\/#breadcrumb\",\"itemListElement\":[{\"@type\":\"ListItem\",\"position\":1,\"name\":\"Accueil\",\"item\":\"https:\\\/\\\/urbex-adresse.com\\\/\"},{\"@type\":\"ListItem\",\"position\":2,\"name\":\"Soumettre un \u00e9change\"}]},{\"@type\":\"WebSite\",\"@id\":\"https:\\\/\\\/urbex-adresse.com\\\/#website\",\"url\":\"https:\\\/\\\/urbex-adresse.com\\\/\",\"name\":\"URBEX ADRESSE\",\"description\":\"Toutes les adresses urbex en France\",\"publisher\":{\"@id\":\"https:\\\/\\\/urbex-adresse.com\\\/#organization\"},\"potentialAction\":[{\"@type\":\"SearchAction\",\"target\":{\"@type\":\"EntryPoint\",\"urlTemplate\":\"https:\\\/\\\/urbex-adresse.com\\\/?s={search_term_string}\"},\"query-input\":{\"@type\":\"PropertyValueSpecification\",\"valueRequired\":true,\"valueName\":\"search_term_string\"}}],\"inLanguage\":\"fr-FR\"},{\"@type\":\"Organization\",\"@id\":\"https:\\\/\\\/urbex-adresse.com\\\/#organization\",\"name\":\"URBEX ADRESSE\",\"url\":\"https:\\\/\\\/urbex-adresse.com\\\/\",\"logo\":{\"@type\":\"ImageObject\",\"inLanguage\":\"fr-FR\",\"@id\":\"https:\\\/\\\/urbex-adresse.com\\\/#\\\/schema\\\/logo\\\/image\\\/\",\"url\":\"https:\\\/\\\/urbex-adresse.com\\\/wp-content\\\/uploads\\\/2023\\\/01\\\/cropped-logo3.png\",\"contentUrl\":\"https:\\\/\\\/urbex-adresse.com\\\/wp-content\\\/uploads\\\/2023\\\/01\\\/cropped-logo3.png\",\"width\":150,\"height\":123,\"caption\":\"URBEX ADRESSE\"},\"image\":{\"@id\":\"https:\\\/\\\/urbex-adresse.com\\\/#\\\/schema\\\/logo\\\/image\\\/\"}}]}<\/script>\n<!-- \/ Yoast SEO plugin. -->","yoast_head_json":{"title":"Soumettre un \u00e9change - URBEX ADRESSE","description":"Vous voulez \u00e9changer vos adresses urbex de lieux abandonn\u00e9s. Nous avons des milliers urbex \u00e0 votre dispositions pour un \u00e9change !","robots":{"index":"index","follow":"follow","max-snippet":"max-snippet:-1","max-image-preview":"max-image-preview:large","max-video-preview":"max-video-preview:-1"},"canonical":"https:\/\/urbex-adresse.com\/index.php\/soumettre-un-echange\/","og_locale":"fr_FR","og_type":"article","og_title":"Soumettre un \u00e9change - URBEX ADRESSE","og_description":"Vous voulez \u00e9changer vos adresses urbex de lieux abandonn\u00e9s. Nous avons des milliers urbex \u00e0 votre dispositions pour un \u00e9change !","og_url":"https:\/\/urbex-adresse.com\/index.php\/soumettre-un-echange\/","og_site_name":"URBEX ADRESSE","article_modified_time":"2023-01-09T16:37:06+00:00","twitter_card":"summary_large_image","twitter_misc":{"Dur\u00e9e de lecture estim\u00e9e":"1 minute"},"schema":{"@context":"https:\/\/schema.org","@graph":[{"@type":"WebPage","@id":"https:\/\/urbex-adresse.com\/index.php\/soumettre-un-echange\/","url":"https:\/\/urbex-adresse.com\/index.php\/soumettre-un-echange\/","name":"Soumettre un \u00e9change - URBEX ADRESSE","isPartOf":{"@id":"https:\/\/urbex-adresse.com\/#website"},"datePublished":"2022-11-10T08:05:21+00:00","dateModified":"2023-01-09T16:37:06+00:00","description":"Vous voulez \u00e9changer vos adresses urbex de lieux abandonn\u00e9s. Nous avons des milliers urbex \u00e0 votre dispositions pour un \u00e9change !","breadcrumb":{"@id":"https:\/\/urbex-adresse.com\/index.php\/soumettre-un-echange\/#breadcrumb"},"inLanguage":"fr-FR","potentialAction":[{"@type":"ReadAction","target":["https:\/\/urbex-adresse.com\/index.php\/soumettre-un-echange\/"]}]},{"@type":"BreadcrumbList","@id":"https:\/\/urbex-adresse.com\/index.php\/soumettre-un-echange\/#breadcrumb","itemListElement":[{"@type":"ListItem","position":1,"name":"Accueil","item":"https:\/\/urbex-adresse.com\/"},{"@type":"ListItem","position":2,"name":"Soumettre un \u00e9change"}]},{"@type":"WebSite","@id":"https:\/\/urbex-adresse.com\/#website","url":"https:\/\/urbex-adresse.com\/","name":"URBEX ADRESSE","description":"Toutes les adresses urbex en France","publisher":{"@id":"https:\/\/urbex-adresse.com\/#organization"},"potentialAction":[{"@type":"SearchAction","target":{"@type":"EntryPoint","urlTemplate":"https:\/\/urbex-adresse.com\/?s={search_term_string}"},"query-input":{"@type":"PropertyValueSpecification","valueRequired":true,"valueName":"search_term_string"}}],"inLanguage":"fr-FR"},{"@type":"Organization","@id":"https:\/\/urbex-adresse.com\/#organization","name":"URBEX ADRESSE","url":"https:\/\/urbex-adresse.com\/","logo":{"@type":"ImageObject","inLanguage":"fr-FR","@id":"https:\/\/urbex-adresse.com\/#\/schema\/logo\/image\/","url":"https:\/\/urbex-adresse.com\/wp-content\/uploads\/2023\/01\/cropped-logo3.png","contentUrl":"https:\/\/urbex-adresse.com\/wp-content\/uploads\/2023\/01\/cropped-logo3.png","width":150,"height":123,"caption":"URBEX ADRESSE"},"image":{"@id":"https:\/\/urbex-adresse.com\/#\/schema\/logo\/image\/"}}]}},"jetpack_sharing_enabled":true,"_links":{"self":[{"href":"https:\/\/urbex-adresse.com\/index.php\/wp-json\/wp\/v2\/pages\/131","targetHints":{"allow":["GET"]}}],"collection":[{"href":"https:\/\/urbex-adresse.com\/index.php\/wp-json\/wp\/v2\/pages"}],"about":[{"href":"https:\/\/urbex-adresse.com\/index.php\/wp-json\/wp\/v2\/types\/page"}],"author":[{"embeddable":true,"href":"https:\/\/urbex-adresse.com\/index.php\/wp-json\/wp\/v2\/users\/1"}],"replies":[{"embeddable":true,"href":"https:\/\/urbex-adresse.com\/index.php\/wp-json\/wp\/v2\/comments?post=131"}],"version-history":[{"count":28,"href":"https:\/\/urbex-adresse.com\/index.php\/wp-json\/wp\/v2\/pages\/131\/revisions"}],"predecessor-version":[{"id":4836,"href":"https:\/\/urbex-adresse.com\/index.php\/wp-json\/wp\/v2\/pages\/131\/revisions\/4836"}],"wp:attachment":[{"href":"https:\/\/urbex-adresse.com\/index.php\/wp-json\/wp\/v2\/media?parent=131"}],"curies":[{"name":"wp","href":"https:\/\/api.w.org\/{rel}","templated":true}]}}