{"id":2422,"date":"2022-12-28T23:59:25","date_gmt":"2022-12-28T22:59:25","guid":{"rendered":"https:\/\/urbex-adresse.com\/?page_id=2422"},"modified":"2023-03-06T23:46:29","modified_gmt":"2023-03-06T22:46:29","slug":"a-propos","status":"publish","type":"page","link":"https:\/\/urbex-adresse.com\/index.php\/a-propos\/","title":{"rendered":"A propos"},"content":{"rendered":"\t\t<div data-elementor-type=\"wp-page\" data-elementor-id=\"2422\" class=\"elementor elementor-2422\">\n\t\t\t\t\t\t<section class=\"has_eae_slider elementor-section elementor-top-section elementor-element elementor-element-50ad37f elementor-section-boxed elementor-section-height-default elementor-section-height-default\" data-eae-slider=\"18087\" data-id=\"50ad37f\" data-element_type=\"section\" data-e-type=\"section\">\n\t\t\t\t\t\t<div class=\"elementor-container elementor-column-gap-default\">\n\t\t\t\t\t<div class=\"has_eae_slider elementor-column elementor-col-100 elementor-top-column elementor-element elementor-element-4912f4e\" data-eae-slider=\"58892\" data-id=\"4912f4e\" data-element_type=\"column\" data-e-type=\"column\">\n\t\t\t<div class=\"elementor-widget-wrap elementor-element-populated\">\n\t\t\t\t\t\t<section class=\"has_eae_slider elementor-section elementor-inner-section elementor-element elementor-element-bf006c1 elementor-section-boxed elementor-section-height-default elementor-section-height-default\" data-eae-slider=\"11445\" data-id=\"bf006c1\" data-element_type=\"section\" data-e-type=\"section\">\n\t\t\t\t\t\t<div class=\"elementor-container elementor-column-gap-default\">\n\t\t\t\t\t<div class=\"has_eae_slider elementor-column elementor-col-50 elementor-inner-column elementor-element elementor-element-6ac9d0d\" data-eae-slider=\"77218\" data-id=\"6ac9d0d\" data-element_type=\"column\" data-e-type=\"column\">\n\t\t\t<div class=\"elementor-widget-wrap elementor-element-populated\">\n\t\t\t\t\t\t<div class=\"elementor-element elementor-element-7074102 elementor-widget elementor-widget-image\" data-id=\"7074102\" data-element_type=\"widget\" data-e-type=\"widget\" data-widget_type=\"image.default\">\n\t\t\t\t<div class=\"elementor-widget-container\">\n\t\t\t\t\t\t\t\t\t\t\t\t\t\t\t<img fetchpriority=\"high\" decoding=\"async\" width=\"512\" height=\"512\" src=\"https:\/\/urbex-adresse.com\/wp-content\/uploads\/2023\/02\/grid_0.jpg\" class=\"attachment-large size-large wp-image-5517\" alt=\"\" srcset=\"https:\/\/urbex-adresse.com\/wp-content\/uploads\/2023\/02\/grid_0.jpg 512w, https:\/\/urbex-adresse.com\/wp-content\/uploads\/2023\/02\/grid_0-300x300.jpg 300w, https:\/\/urbex-adresse.com\/wp-content\/uploads\/2023\/02\/grid_0-150x150.jpg 150w, https:\/\/urbex-adresse.com\/wp-content\/uploads\/2023\/02\/grid_0-100x100.jpg 100w\" sizes=\"(max-width: 512px) 100vw, 512px\" \/>\t\t\t\t\t\t\t\t\t\t\t\t\t\t\t<\/div>\n\t\t\t\t<\/div>\n\t\t\t\t\t<\/div>\n\t\t<\/div>\n\t\t\t\t<div class=\"has_eae_slider elementor-column elementor-col-50 elementor-inner-column elementor-element elementor-element-15d8200\" data-eae-slider=\"70253\" data-id=\"15d8200\" data-element_type=\"column\" data-e-type=\"column\">\n\t\t\t<div class=\"elementor-widget-wrap elementor-element-populated\">\n\t\t\t\t\t\t<div class=\"elementor-element elementor-element-37756c7 elementor-widget elementor-widget-text-editor\" data-id=\"37756c7\" data-element_type=\"widget\" data-e-type=\"widget\" data-widget_type=\"text-editor.default\">\n\t\t\t\t<div class=\"elementor-widget-container\">\n\t\t\t\t\t\t\t\t\t<p>Bienvenue sur notre site <strong>Urbex Adresse<\/strong>, cr\u00e9\u00e9 par des passionn\u00e9s d&rsquo;<strong>urbex<\/strong>, d&rsquo;aventure et de patrimoine. Nous croyons fermement en la force d&rsquo;une communaut\u00e9 et du partage.<\/p><p>Chez nous, la pr\u00e9servation du patrimoine et la d\u00e9couverte sont des valeurs fondamentales. Nous sommes convaincus que l&rsquo;exploration de sites abandonn\u00e9s peut susciter l&rsquo;admiration pour le <strong>patrimoine<\/strong> et nous souhaitons vous en faire profiter.<\/p><p>Notre objectif est de devenir la r\u00e9f\u00e9rence en mati\u00e8re d&rsquo;adresses urbex et de g\u00e9olocalisation urbex en proposant la meilleure plateforme de partage et de vente d&rsquo;adresses d&rsquo;urbex.<\/p><p><strong>Rejoignez notre communaut\u00e9<\/strong> d&rsquo;explorateurs urbains et partagez votre passion pour l&rsquo;urbex, les b\u00e2timents abandonn\u00e9s, les sites industriels d\u00e9saffect\u00e9s, les lieux myst\u00e9rieux et les patrimoines oubli\u00e9s. N&rsquo;h\u00e9sitez plus et <strong>devenez un explorateur urbain<\/strong> avec Urbex Adresse.<\/p>\t\t\t\t\t\t\t\t<\/div>\n\t\t\t\t<\/div>\n\t\t\t\t\t<\/div>\n\t\t<\/div>\n\t\t\t\t\t<\/div>\n\t\t<\/section>\n\t\t\t\t<div class=\"elementor-element elementor-element-f3c2851 elementor-widget elementor-widget-spacer\" data-id=\"f3c2851\" data-element_type=\"widget\" data-e-type=\"widget\" data-widget_type=\"spacer.default\">\n\t\t\t\t<div class=\"elementor-widget-container\">\n\t\t\t\t\t\t\t<div class=\"elementor-spacer\">\n\t\t\t<div class=\"elementor-spacer-inner\"><\/div>\n\t\t<\/div>\n\t\t\t\t\t\t<\/div>\n\t\t\t\t<\/div>\n\t\t\t\t\t<\/div>\n\t\t<\/div>\n\t\t\t\t\t<\/div>\n\t\t<\/section>\n\t\t\t\t<\/div>\n\t\t","protected":false},"excerpt":{"rendered":"<p>Bienvenue sur notre site Urbex Adresse, cr\u00e9\u00e9 par des passionn\u00e9s d&rsquo;urbex, d&rsquo;aventure et de patrimoine. Nous croyons fermement en la force d&rsquo;une communaut\u00e9 et du partage. Chez nous, la pr\u00e9servation du patrimoine et la d\u00e9couverte sont des valeurs fondamentales. Nous sommes convaincus que l&rsquo;exploration de sites abandonn\u00e9s peut susciter l&rsquo;admiration pour le patrimoine et nous [&hellip;]<\/p>\n","protected":false},"author":1,"featured_media":0,"parent":0,"menu_order":0,"comment_status":"closed","ping_status":"closed","template":"","meta":{"_eb_attr":"","site-sidebar-layout":"no-sidebar","site-content-layout":"page-builder","ast-site-content-layout":"default","site-content-style":"default","site-sidebar-style":"default","ast-global-header-display":"","ast-banner-title-visibility":"","ast-main-header-display":"","ast-hfb-above-header-display":"","ast-hfb-below-header-display":"","ast-hfb-mobile-header-display":"","site-post-title":"disabled","ast-breadcrumbs-content":"","ast-featured-img":"disabled","footer-sml-layout":"","ast-disable-related-posts":"","theme-transparent-header-meta":"","adv-header-id-meta":"","stick-header-meta":"","header-above-stick-meta":"","header-main-stick-meta":"","header-below-stick-meta":"","astra-migrate-meta-layouts":"default","ast-page-background-enabled":"default","ast-page-background-meta":{"desktop":{"background-color":"var(--ast-global-color-4)","background-image":"","background-repeat":"repeat","background-position":"center center","background-size":"auto","background-attachment":"scroll","background-type":"","background-media":"","overlay-type":"","overlay-color":"","overlay-opacity":"","overlay-gradient":""},"tablet":{"background-color":"","background-image":"","background-repeat":"repeat","background-position":"center center","background-size":"auto","background-attachment":"scroll","background-type":"","background-media":"","overlay-type":"","overlay-color":"","overlay-opacity":"","overlay-gradient":""},"mobile":{"background-color":"","background-image":"","background-repeat":"repeat","background-position":"center center","background-size":"auto","background-attachment":"scroll","background-type":"","background-media":"","overlay-type":"","overlay-color":"","overlay-opacity":"","overlay-gradient":""}},"ast-content-background-meta":{"desktop":{"background-color":"var(--ast-global-color-5)","background-image":"","background-repeat":"repeat","background-position":"center center","background-size":"auto","background-attachment":"scroll","background-type":"","background-media":"","overlay-type":"","overlay-color":"","overlay-opacity":"","overlay-gradient":""},"tablet":{"background-color":"var(--ast-global-color-5)","background-image":"","background-repeat":"repeat","background-position":"center center","background-size":"auto","background-attachment":"scroll","background-type":"","background-media":"","overlay-type":"","overlay-color":"","overlay-opacity":"","overlay-gradient":""},"mobile":{"background-color":"var(--ast-global-color-5)","background-image":"","background-repeat":"repeat","background-position":"center center","background-size":"auto","background-attachment":"scroll","background-type":"","background-media":"","overlay-type":"","overlay-color":"","overlay-opacity":"","overlay-gradient":""}},"footnotes":""},"class_list":["post-2422","page","type-page","status-publish","hentry"],"yoast_head":"<!-- This site is optimized with the Yoast SEO plugin v27.4 - https:\/\/yoast.com\/product\/yoast-seo-wordpress\/ -->\n<title>A propos - URBEX ADRESSE<\/title>\n<meta name=\"description\" content=\"En savoir plus sur urbex-adresse.com c&#039;est par ici !\" \/>\n<meta name=\"robots\" content=\"index, follow, max-snippet:-1, max-image-preview:large, max-video-preview:-1\" \/>\n<link rel=\"canonical\" href=\"https:\/\/urbex-adresse.com\/index.php\/a-propos\/\" \/>\n<meta property=\"og:locale\" content=\"fr_FR\" \/>\n<meta property=\"og:type\" content=\"article\" \/>\n<meta property=\"og:title\" content=\"A propos - URBEX ADRESSE\" \/>\n<meta property=\"og:description\" content=\"En savoir plus sur urbex-adresse.com c&#039;est par ici !\" \/>\n<meta property=\"og:url\" content=\"https:\/\/urbex-adresse.com\/index.php\/a-propos\/\" \/>\n<meta property=\"og:site_name\" content=\"URBEX ADRESSE\" \/>\n<meta property=\"article:modified_time\" content=\"2023-03-06T22:46:29+00:00\" \/>\n<meta property=\"og:image\" content=\"https:\/\/urbex-adresse.com\/wp-content\/uploads\/2023\/02\/grid_0.jpg\" \/>\n<meta name=\"twitter:card\" content=\"summary_large_image\" \/>\n<meta name=\"twitter:label1\" content=\"Dur\u00e9e de lecture estim\u00e9e\" \/>\n\t<meta name=\"twitter:data1\" content=\"1 minute\" \/>\n<script type=\"application\/ld+json\" class=\"yoast-schema-graph\">{\"@context\":\"https:\\\/\\\/schema.org\",\"@graph\":[{\"@type\":\"WebPage\",\"@id\":\"https:\\\/\\\/urbex-adresse.com\\\/index.php\\\/a-propos\\\/\",\"url\":\"https:\\\/\\\/urbex-adresse.com\\\/index.php\\\/a-propos\\\/\",\"name\":\"A propos - URBEX ADRESSE\",\"isPartOf\":{\"@id\":\"https:\\\/\\\/urbex-adresse.com\\\/#website\"},\"primaryImageOfPage\":{\"@id\":\"https:\\\/\\\/urbex-adresse.com\\\/index.php\\\/a-propos\\\/#primaryimage\"},\"image\":{\"@id\":\"https:\\\/\\\/urbex-adresse.com\\\/index.php\\\/a-propos\\\/#primaryimage\"},\"thumbnailUrl\":\"https:\\\/\\\/urbex-adresse.com\\\/wp-content\\\/uploads\\\/2023\\\/02\\\/grid_0.jpg\",\"datePublished\":\"2022-12-28T22:59:25+00:00\",\"dateModified\":\"2023-03-06T22:46:29+00:00\",\"description\":\"En savoir plus sur urbex-adresse.com c'est par ici !\",\"breadcrumb\":{\"@id\":\"https:\\\/\\\/urbex-adresse.com\\\/index.php\\\/a-propos\\\/#breadcrumb\"},\"inLanguage\":\"fr-FR\",\"potentialAction\":[{\"@type\":\"ReadAction\",\"target\":[\"https:\\\/\\\/urbex-adresse.com\\\/index.php\\\/a-propos\\\/\"]}]},{\"@type\":\"ImageObject\",\"inLanguage\":\"fr-FR\",\"@id\":\"https:\\\/\\\/urbex-adresse.com\\\/index.php\\\/a-propos\\\/#primaryimage\",\"url\":\"https:\\\/\\\/urbex-adresse.com\\\/wp-content\\\/uploads\\\/2023\\\/02\\\/grid_0.jpg\",\"contentUrl\":\"https:\\\/\\\/urbex-adresse.com\\\/wp-content\\\/uploads\\\/2023\\\/02\\\/grid_0.jpg\",\"width\":512,\"height\":512},{\"@type\":\"BreadcrumbList\",\"@id\":\"https:\\\/\\\/urbex-adresse.com\\\/index.php\\\/a-propos\\\/#breadcrumb\",\"itemListElement\":[{\"@type\":\"ListItem\",\"position\":1,\"name\":\"Accueil\",\"item\":\"https:\\\/\\\/urbex-adresse.com\\\/\"},{\"@type\":\"ListItem\",\"position\":2,\"name\":\"A propos\"}]},{\"@type\":\"WebSite\",\"@id\":\"https:\\\/\\\/urbex-adresse.com\\\/#website\",\"url\":\"https:\\\/\\\/urbex-adresse.com\\\/\",\"name\":\"URBEX ADRESSE\",\"description\":\"Toutes les adresses urbex en France\",\"publisher\":{\"@id\":\"https:\\\/\\\/urbex-adresse.com\\\/#organization\"},\"potentialAction\":[{\"@type\":\"SearchAction\",\"target\":{\"@type\":\"EntryPoint\",\"urlTemplate\":\"https:\\\/\\\/urbex-adresse.com\\\/?s={search_term_string}\"},\"query-input\":{\"@type\":\"PropertyValueSpecification\",\"valueRequired\":true,\"valueName\":\"search_term_string\"}}],\"inLanguage\":\"fr-FR\"},{\"@type\":\"Organization\",\"@id\":\"https:\\\/\\\/urbex-adresse.com\\\/#organization\",\"name\":\"URBEX ADRESSE\",\"url\":\"https:\\\/\\\/urbex-adresse.com\\\/\",\"logo\":{\"@type\":\"ImageObject\",\"inLanguage\":\"fr-FR\",\"@id\":\"https:\\\/\\\/urbex-adresse.com\\\/#\\\/schema\\\/logo\\\/image\\\/\",\"url\":\"https:\\\/\\\/urbex-adresse.com\\\/wp-content\\\/uploads\\\/2023\\\/01\\\/cropped-logo3.png\",\"contentUrl\":\"https:\\\/\\\/urbex-adresse.com\\\/wp-content\\\/uploads\\\/2023\\\/01\\\/cropped-logo3.png\",\"width\":150,\"height\":123,\"caption\":\"URBEX ADRESSE\"},\"image\":{\"@id\":\"https:\\\/\\\/urbex-adresse.com\\\/#\\\/schema\\\/logo\\\/image\\\/\"}}]}<\/script>\n<!-- \/ Yoast SEO plugin. -->","yoast_head_json":{"title":"A propos - URBEX ADRESSE","description":"En savoir plus sur urbex-adresse.com c'est par ici !","robots":{"index":"index","follow":"follow","max-snippet":"max-snippet:-1","max-image-preview":"max-image-preview:large","max-video-preview":"max-video-preview:-1"},"canonical":"https:\/\/urbex-adresse.com\/index.php\/a-propos\/","og_locale":"fr_FR","og_type":"article","og_title":"A propos - URBEX ADRESSE","og_description":"En savoir plus sur urbex-adresse.com c'est par ici !","og_url":"https:\/\/urbex-adresse.com\/index.php\/a-propos\/","og_site_name":"URBEX ADRESSE","article_modified_time":"2023-03-06T22:46:29+00:00","og_image":[{"url":"https:\/\/urbex-adresse.com\/wp-content\/uploads\/2023\/02\/grid_0.jpg","type":"","width":"","height":""}],"twitter_card":"summary_large_image","twitter_misc":{"Dur\u00e9e de lecture estim\u00e9e":"1 minute"},"schema":{"@context":"https:\/\/schema.org","@graph":[{"@type":"WebPage","@id":"https:\/\/urbex-adresse.com\/index.php\/a-propos\/","url":"https:\/\/urbex-adresse.com\/index.php\/a-propos\/","name":"A propos - URBEX ADRESSE","isPartOf":{"@id":"https:\/\/urbex-adresse.com\/#website"},"primaryImageOfPage":{"@id":"https:\/\/urbex-adresse.com\/index.php\/a-propos\/#primaryimage"},"image":{"@id":"https:\/\/urbex-adresse.com\/index.php\/a-propos\/#primaryimage"},"thumbnailUrl":"https:\/\/urbex-adresse.com\/wp-content\/uploads\/2023\/02\/grid_0.jpg","datePublished":"2022-12-28T22:59:25+00:00","dateModified":"2023-03-06T22:46:29+00:00","description":"En savoir plus sur urbex-adresse.com c'est par ici !","breadcrumb":{"@id":"https:\/\/urbex-adresse.com\/index.php\/a-propos\/#breadcrumb"},"inLanguage":"fr-FR","potentialAction":[{"@type":"ReadAction","target":["https:\/\/urbex-adresse.com\/index.php\/a-propos\/"]}]},{"@type":"ImageObject","inLanguage":"fr-FR","@id":"https:\/\/urbex-adresse.com\/index.php\/a-propos\/#primaryimage","url":"https:\/\/urbex-adresse.com\/wp-content\/uploads\/2023\/02\/grid_0.jpg","contentUrl":"https:\/\/urbex-adresse.com\/wp-content\/uploads\/2023\/02\/grid_0.jpg","width":512,"height":512},{"@type":"BreadcrumbList","@id":"https:\/\/urbex-adresse.com\/index.php\/a-propos\/#breadcrumb","itemListElement":[{"@type":"ListItem","position":1,"name":"Accueil","item":"https:\/\/urbex-adresse.com\/"},{"@type":"ListItem","position":2,"name":"A propos"}]},{"@type":"WebSite","@id":"https:\/\/urbex-adresse.com\/#website","url":"https:\/\/urbex-adresse.com\/","name":"URBEX ADRESSE","description":"Toutes les adresses urbex en France","publisher":{"@id":"https:\/\/urbex-adresse.com\/#organization"},"potentialAction":[{"@type":"SearchAction","target":{"@type":"EntryPoint","urlTemplate":"https:\/\/urbex-adresse.com\/?s={search_term_string}"},"query-input":{"@type":"PropertyValueSpecification","valueRequired":true,"valueName":"search_term_string"}}],"inLanguage":"fr-FR"},{"@type":"Organization","@id":"https:\/\/urbex-adresse.com\/#organization","name":"URBEX ADRESSE","url":"https:\/\/urbex-adresse.com\/","logo":{"@type":"ImageObject","inLanguage":"fr-FR","@id":"https:\/\/urbex-adresse.com\/#\/schema\/logo\/image\/","url":"https:\/\/urbex-adresse.com\/wp-content\/uploads\/2023\/01\/cropped-logo3.png","contentUrl":"https:\/\/urbex-adresse.com\/wp-content\/uploads\/2023\/01\/cropped-logo3.png","width":150,"height":123,"caption":"URBEX ADRESSE"},"image":{"@id":"https:\/\/urbex-adresse.com\/#\/schema\/logo\/image\/"}}]}},"jetpack_sharing_enabled":true,"_links":{"self":[{"href":"https:\/\/urbex-adresse.com\/index.php\/wp-json\/wp\/v2\/pages\/2422","targetHints":{"allow":["GET"]}}],"collection":[{"href":"https:\/\/urbex-adresse.com\/index.php\/wp-json\/wp\/v2\/pages"}],"about":[{"href":"https:\/\/urbex-adresse.com\/index.php\/wp-json\/wp\/v2\/types\/page"}],"author":[{"embeddable":true,"href":"https:\/\/urbex-adresse.com\/index.php\/wp-json\/wp\/v2\/users\/1"}],"replies":[{"embeddable":true,"href":"https:\/\/urbex-adresse.com\/index.php\/wp-json\/wp\/v2\/comments?post=2422"}],"version-history":[{"count":14,"href":"https:\/\/urbex-adresse.com\/index.php\/wp-json\/wp\/v2\/pages\/2422\/revisions"}],"predecessor-version":[{"id":5587,"href":"https:\/\/urbex-adresse.com\/index.php\/wp-json\/wp\/v2\/pages\/2422\/revisions\/5587"}],"wp:attachment":[{"href":"https:\/\/urbex-adresse.com\/index.php\/wp-json\/wp\/v2\/media?parent=2422"}],"curies":[{"name":"wp","href":"https:\/\/api.w.org\/{rel}","templated":true}]}}