{"id":4772,"date":"2023-01-09T17:29:13","date_gmt":"2023-01-09T16:29:13","guid":{"rendered":"https:\/\/urbex-adresse.com\/?page_id=4772"},"modified":"2023-05-16T13:36:13","modified_gmt":"2023-05-16T11:36:13","slug":"categories","status":"publish","type":"page","link":"https:\/\/urbex-adresse.com\/index.php\/categories\/","title":{"rendered":"Cat\u00e9gories"},"content":{"rendered":"\t\t<div data-elementor-type=\"wp-page\" data-elementor-id=\"4772\" class=\"elementor elementor-4772\">\n\t\t\t\t\t\t<section class=\"has_eae_slider elementor-section elementor-top-section elementor-element elementor-element-6210a4b elementor-section-boxed elementor-section-height-default elementor-section-height-default\" data-eae-slider=\"70587\" data-id=\"6210a4b\" data-element_type=\"section\" data-e-type=\"section\">\n\t\t\t\t\t\t<div class=\"elementor-container elementor-column-gap-default\">\n\t\t\t\t\t<div class=\"has_eae_slider elementor-column elementor-col-100 elementor-top-column elementor-element elementor-element-dcdf4dd\" data-eae-slider=\"65957\" data-id=\"dcdf4dd\" data-element_type=\"column\" data-e-type=\"column\">\n\t\t\t<div class=\"elementor-widget-wrap elementor-element-populated\">\n\t\t\t\t\t\t<div class=\"elementor-element elementor-element-b1493d6 elementor-widget elementor-widget-text-editor\" data-id=\"b1493d6\" data-element_type=\"widget\" data-e-type=\"widget\" data-widget_type=\"text-editor.default\">\n\t\t\t\t<div class=\"elementor-widget-container\">\n\t\t\t\t\t\t\t\t\t<p>Voici les 5 <strong>cat\u00e9gories<\/strong> sur le site Urbex Adresse :<\/p><ol><li><p><strong>Gratuit<\/strong> : Explorez gratuitement avec notre offre d\u00e9couverte &#8211; D\u00e9couvrez des urbex passionnants sans d\u00e9penser un centime. Notre cat\u00e9gorie gratuite vous permet de plonger dans l&rsquo;univers des lieux abandonn\u00e9s sans aucune contrainte financi\u00e8re.<\/p><\/li><li><p><strong>Classique<\/strong> : L&rsquo;urbex de qualit\u00e9 normale &#8211; Les urbex classiques vous offrent une exp\u00e9rience de qualit\u00e9, vous permettant de d\u00e9couvrir des lieux abandonn\u00e9s avec leur charme caract\u00e9ristique.<\/p><\/li><li><p><strong>Sup\u00e9rieur<\/strong> : Des urbex de qualit\u00e9 sup\u00e9rieure &#8211; Nos urbex de qualit\u00e9 sup\u00e9rieure vous r\u00e9servent des d\u00e9couvertes encore plus captivantes. Ces lieux regorgent d&rsquo;\u00e9l\u00e9ments et d&rsquo;objets appartenant aux anciens occupants, offrant une exp\u00e9rience enrichissante.<\/p><\/li><li><p><strong>Premium<\/strong> : Une exp\u00e9rience urbex exceptionnelle &#8211; Plongez dans le monde de l&rsquo;urbex premium, o\u00f9 des lieux abandonn\u00e9s renferment des tr\u00e9sors inestimables. Des pianos, des babyfoots, des tableaux et des \u0153uvres d&rsquo;art uniques vous attendent dans cette cat\u00e9gorie exclusive.<\/p><\/li><li><p><strong>Supprim\u00e9<\/strong> : Les urbex inaccessibles &#8211; Cette cat\u00e9gorie regroupe les urbex qui ne sont plus accessibles, soit en raison de leur condamnation, de leur destruction ou de leur r\u00e9habilitation.<\/p><\/li><\/ol><p>Si vous pensez qu&rsquo;un urbex a \u00e9t\u00e9 class\u00e9 par erreur dans cette cat\u00e9gorie, n&rsquo;h\u00e9sitez pas \u00e0 nous contacter pour rectifier l&rsquo;information.<\/p>\t\t\t\t\t\t\t\t<\/div>\n\t\t\t\t<\/div>\n\t\t\t\t\t<\/div>\n\t\t<\/div>\n\t\t\t\t\t<\/div>\n\t\t<\/section>\n\t\t\t\t<\/div>\n\t\t","protected":false},"excerpt":{"rendered":"<p>Voici les 5 cat\u00e9gories sur le site Urbex Adresse : Gratuit : Explorez gratuitement avec notre offre d\u00e9couverte &#8211; D\u00e9couvrez des urbex passionnants sans d\u00e9penser un centime. Notre cat\u00e9gorie gratuite vous permet de plonger dans l&rsquo;univers des lieux abandonn\u00e9s sans aucune contrainte financi\u00e8re. Classique : L&rsquo;urbex de qualit\u00e9 normale &#8211; Les urbex classiques vous offrent [&hellip;]<\/p>\n","protected":false},"author":1,"featured_media":0,"parent":0,"menu_order":0,"comment_status":"closed","ping_status":"closed","template":"","meta":{"_eb_attr":"","site-sidebar-layout":"no-sidebar","site-content-layout":"page-builder","ast-site-content-layout":"default","site-content-style":"default","site-sidebar-style":"default","ast-global-header-display":"","ast-banner-title-visibility":"","ast-main-header-display":"","ast-hfb-above-header-display":"","ast-hfb-below-header-display":"","ast-hfb-mobile-header-display":"","site-post-title":"disabled","ast-breadcrumbs-content":"","ast-featured-img":"disabled","footer-sml-layout":"","ast-disable-related-posts":"","theme-transparent-header-meta":"","adv-header-id-meta":"","stick-header-meta":"","header-above-stick-meta":"","header-main-stick-meta":"","header-below-stick-meta":"","astra-migrate-meta-layouts":"default","ast-page-background-enabled":"default","ast-page-background-meta":{"desktop":{"background-color":"var(--ast-global-color-4)","background-image":"","background-repeat":"repeat","background-position":"center center","background-size":"auto","background-attachment":"scroll","background-type":"","background-media":"","overlay-type":"","overlay-color":"","overlay-opacity":"","overlay-gradient":""},"tablet":{"background-color":"","background-image":"","background-repeat":"repeat","background-position":"center center","background-size":"auto","background-attachment":"scroll","background-type":"","background-media":"","overlay-type":"","overlay-color":"","overlay-opacity":"","overlay-gradient":""},"mobile":{"background-color":"","background-image":"","background-repeat":"repeat","background-position":"center center","background-size":"auto","background-attachment":"scroll","background-type":"","background-media":"","overlay-type":"","overlay-color":"","overlay-opacity":"","overlay-gradient":""}},"ast-content-background-meta":{"desktop":{"background-color":"var(--ast-global-color-5)","background-image":"","background-repeat":"repeat","background-position":"center center","background-size":"auto","background-attachment":"scroll","background-type":"","background-media":"","overlay-type":"","overlay-color":"","overlay-opacity":"","overlay-gradient":""},"tablet":{"background-color":"var(--ast-global-color-5)","background-image":"","background-repeat":"repeat","background-position":"center center","background-size":"auto","background-attachment":"scroll","background-type":"","background-media":"","overlay-type":"","overlay-color":"","overlay-opacity":"","overlay-gradient":""},"mobile":{"background-color":"var(--ast-global-color-5)","background-image":"","background-repeat":"repeat","background-position":"center center","background-size":"auto","background-attachment":"scroll","background-type":"","background-media":"","overlay-type":"","overlay-color":"","overlay-opacity":"","overlay-gradient":""}},"footnotes":""},"class_list":["post-4772","page","type-page","status-publish","hentry"],"yoast_head":"<!-- This site is optimized with the Yoast SEO plugin v27.5 - https:\/\/yoast.com\/product\/yoast-seo-wordpress\/ -->\n<title>Cat\u00e9gories - URBEX ADRESSE<\/title>\n<meta name=\"description\" content=\"Voici nos cat\u00e9gories d&#039;urbex : Atypique, Avion, B\u00e2timent administratif, Boite de nuit, Carri\u00e8re, Caserne, Cin\u00e9ma et Th\u00e9\u00e2tre, Ch\u00e2teau, Domaine\" \/>\n<meta name=\"robots\" content=\"index, follow, max-snippet:-1, max-image-preview:large, max-video-preview:-1\" \/>\n<link rel=\"canonical\" href=\"https:\/\/urbex-adresse.com\/index.php\/categories\/\" \/>\n<meta property=\"og:locale\" content=\"fr_FR\" \/>\n<meta property=\"og:type\" content=\"article\" \/>\n<meta property=\"og:title\" content=\"Cat\u00e9gories - URBEX ADRESSE\" \/>\n<meta property=\"og:description\" content=\"Voici nos cat\u00e9gories d&#039;urbex : Atypique, Avion, B\u00e2timent administratif, Boite de nuit, Carri\u00e8re, Caserne, Cin\u00e9ma et Th\u00e9\u00e2tre, Ch\u00e2teau, Domaine\" \/>\n<meta property=\"og:url\" content=\"https:\/\/urbex-adresse.com\/index.php\/categories\/\" \/>\n<meta property=\"og:site_name\" content=\"URBEX ADRESSE\" \/>\n<meta property=\"article:modified_time\" content=\"2023-05-16T11:36:13+00:00\" \/>\n<meta name=\"twitter:card\" content=\"summary_large_image\" \/>\n<meta name=\"twitter:label1\" content=\"Dur\u00e9e de lecture estim\u00e9e\" \/>\n\t<meta name=\"twitter:data1\" content=\"1 minute\" \/>\n<script type=\"application\/ld+json\" class=\"yoast-schema-graph\">{\"@context\":\"https:\\\/\\\/schema.org\",\"@graph\":[{\"@type\":\"WebPage\",\"@id\":\"https:\\\/\\\/urbex-adresse.com\\\/index.php\\\/categories\\\/\",\"url\":\"https:\\\/\\\/urbex-adresse.com\\\/index.php\\\/categories\\\/\",\"name\":\"Cat\u00e9gories - URBEX ADRESSE\",\"isPartOf\":{\"@id\":\"https:\\\/\\\/urbex-adresse.com\\\/#website\"},\"datePublished\":\"2023-01-09T16:29:13+00:00\",\"dateModified\":\"2023-05-16T11:36:13+00:00\",\"description\":\"Voici nos cat\u00e9gories d'urbex : Atypique, Avion, B\u00e2timent administratif, Boite de nuit, Carri\u00e8re, Caserne, Cin\u00e9ma et Th\u00e9\u00e2tre, Ch\u00e2teau, Domaine\",\"breadcrumb\":{\"@id\":\"https:\\\/\\\/urbex-adresse.com\\\/index.php\\\/categories\\\/#breadcrumb\"},\"inLanguage\":\"fr-FR\",\"potentialAction\":[{\"@type\":\"ReadAction\",\"target\":[\"https:\\\/\\\/urbex-adresse.com\\\/index.php\\\/categories\\\/\"]}]},{\"@type\":\"BreadcrumbList\",\"@id\":\"https:\\\/\\\/urbex-adresse.com\\\/index.php\\\/categories\\\/#breadcrumb\",\"itemListElement\":[{\"@type\":\"ListItem\",\"position\":1,\"name\":\"Accueil\",\"item\":\"https:\\\/\\\/urbex-adresse.com\\\/\"},{\"@type\":\"ListItem\",\"position\":2,\"name\":\"Cat\u00e9gories\"}]},{\"@type\":\"WebSite\",\"@id\":\"https:\\\/\\\/urbex-adresse.com\\\/#website\",\"url\":\"https:\\\/\\\/urbex-adresse.com\\\/\",\"name\":\"URBEX ADRESSE\",\"description\":\"Toutes les adresses urbex en France\",\"publisher\":{\"@id\":\"https:\\\/\\\/urbex-adresse.com\\\/#organization\"},\"potentialAction\":[{\"@type\":\"SearchAction\",\"target\":{\"@type\":\"EntryPoint\",\"urlTemplate\":\"https:\\\/\\\/urbex-adresse.com\\\/?s={search_term_string}\"},\"query-input\":{\"@type\":\"PropertyValueSpecification\",\"valueRequired\":true,\"valueName\":\"search_term_string\"}}],\"inLanguage\":\"fr-FR\"},{\"@type\":\"Organization\",\"@id\":\"https:\\\/\\\/urbex-adresse.com\\\/#organization\",\"name\":\"URBEX ADRESSE\",\"url\":\"https:\\\/\\\/urbex-adresse.com\\\/\",\"logo\":{\"@type\":\"ImageObject\",\"inLanguage\":\"fr-FR\",\"@id\":\"https:\\\/\\\/urbex-adresse.com\\\/#\\\/schema\\\/logo\\\/image\\\/\",\"url\":\"https:\\\/\\\/urbex-adresse.com\\\/wp-content\\\/uploads\\\/2023\\\/01\\\/cropped-logo3.png\",\"contentUrl\":\"https:\\\/\\\/urbex-adresse.com\\\/wp-content\\\/uploads\\\/2023\\\/01\\\/cropped-logo3.png\",\"width\":150,\"height\":123,\"caption\":\"URBEX ADRESSE\"},\"image\":{\"@id\":\"https:\\\/\\\/urbex-adresse.com\\\/#\\\/schema\\\/logo\\\/image\\\/\"}}]}<\/script>\n<!-- \/ Yoast SEO plugin. -->","yoast_head_json":{"title":"Cat\u00e9gories - URBEX ADRESSE","description":"Voici nos cat\u00e9gories d'urbex : Atypique, Avion, B\u00e2timent administratif, Boite de nuit, Carri\u00e8re, Caserne, Cin\u00e9ma et Th\u00e9\u00e2tre, Ch\u00e2teau, Domaine","robots":{"index":"index","follow":"follow","max-snippet":"max-snippet:-1","max-image-preview":"max-image-preview:large","max-video-preview":"max-video-preview:-1"},"canonical":"https:\/\/urbex-adresse.com\/index.php\/categories\/","og_locale":"fr_FR","og_type":"article","og_title":"Cat\u00e9gories - URBEX ADRESSE","og_description":"Voici nos cat\u00e9gories d'urbex : Atypique, Avion, B\u00e2timent administratif, Boite de nuit, Carri\u00e8re, Caserne, Cin\u00e9ma et Th\u00e9\u00e2tre, Ch\u00e2teau, Domaine","og_url":"https:\/\/urbex-adresse.com\/index.php\/categories\/","og_site_name":"URBEX ADRESSE","article_modified_time":"2023-05-16T11:36:13+00:00","twitter_card":"summary_large_image","twitter_misc":{"Dur\u00e9e de lecture estim\u00e9e":"1 minute"},"schema":{"@context":"https:\/\/schema.org","@graph":[{"@type":"WebPage","@id":"https:\/\/urbex-adresse.com\/index.php\/categories\/","url":"https:\/\/urbex-adresse.com\/index.php\/categories\/","name":"Cat\u00e9gories - URBEX ADRESSE","isPartOf":{"@id":"https:\/\/urbex-adresse.com\/#website"},"datePublished":"2023-01-09T16:29:13+00:00","dateModified":"2023-05-16T11:36:13+00:00","description":"Voici nos cat\u00e9gories d'urbex : Atypique, Avion, B\u00e2timent administratif, Boite de nuit, Carri\u00e8re, Caserne, Cin\u00e9ma et Th\u00e9\u00e2tre, Ch\u00e2teau, Domaine","breadcrumb":{"@id":"https:\/\/urbex-adresse.com\/index.php\/categories\/#breadcrumb"},"inLanguage":"fr-FR","potentialAction":[{"@type":"ReadAction","target":["https:\/\/urbex-adresse.com\/index.php\/categories\/"]}]},{"@type":"BreadcrumbList","@id":"https:\/\/urbex-adresse.com\/index.php\/categories\/#breadcrumb","itemListElement":[{"@type":"ListItem","position":1,"name":"Accueil","item":"https:\/\/urbex-adresse.com\/"},{"@type":"ListItem","position":2,"name":"Cat\u00e9gories"}]},{"@type":"WebSite","@id":"https:\/\/urbex-adresse.com\/#website","url":"https:\/\/urbex-adresse.com\/","name":"URBEX ADRESSE","description":"Toutes les adresses urbex en France","publisher":{"@id":"https:\/\/urbex-adresse.com\/#organization"},"potentialAction":[{"@type":"SearchAction","target":{"@type":"EntryPoint","urlTemplate":"https:\/\/urbex-adresse.com\/?s={search_term_string}"},"query-input":{"@type":"PropertyValueSpecification","valueRequired":true,"valueName":"search_term_string"}}],"inLanguage":"fr-FR"},{"@type":"Organization","@id":"https:\/\/urbex-adresse.com\/#organization","name":"URBEX ADRESSE","url":"https:\/\/urbex-adresse.com\/","logo":{"@type":"ImageObject","inLanguage":"fr-FR","@id":"https:\/\/urbex-adresse.com\/#\/schema\/logo\/image\/","url":"https:\/\/urbex-adresse.com\/wp-content\/uploads\/2023\/01\/cropped-logo3.png","contentUrl":"https:\/\/urbex-adresse.com\/wp-content\/uploads\/2023\/01\/cropped-logo3.png","width":150,"height":123,"caption":"URBEX ADRESSE"},"image":{"@id":"https:\/\/urbex-adresse.com\/#\/schema\/logo\/image\/"}}]}},"jetpack_sharing_enabled":true,"_links":{"self":[{"href":"https:\/\/urbex-adresse.com\/index.php\/wp-json\/wp\/v2\/pages\/4772","targetHints":{"allow":["GET"]}}],"collection":[{"href":"https:\/\/urbex-adresse.com\/index.php\/wp-json\/wp\/v2\/pages"}],"about":[{"href":"https:\/\/urbex-adresse.com\/index.php\/wp-json\/wp\/v2\/types\/page"}],"author":[{"embeddable":true,"href":"https:\/\/urbex-adresse.com\/index.php\/wp-json\/wp\/v2\/users\/1"}],"replies":[{"embeddable":true,"href":"https:\/\/urbex-adresse.com\/index.php\/wp-json\/wp\/v2\/comments?post=4772"}],"version-history":[{"count":13,"href":"https:\/\/urbex-adresse.com\/index.php\/wp-json\/wp\/v2\/pages\/4772\/revisions"}],"predecessor-version":[{"id":11434,"href":"https:\/\/urbex-adresse.com\/index.php\/wp-json\/wp\/v2\/pages\/4772\/revisions\/11434"}],"wp:attachment":[{"href":"https:\/\/urbex-adresse.com\/index.php\/wp-json\/wp\/v2\/media?parent=4772"}],"curies":[{"name":"wp","href":"https:\/\/api.w.org\/{rel}","templated":true}]}}