{"id":11542,"date":"2023-07-11T15:07:40","date_gmt":"2023-07-11T13:07:40","guid":{"rendered":"https:\/\/urbex-adresse.com\/?post_type=product&#038;p=11542"},"modified":"2025-12-07T17:51:02","modified_gmt":"2025-12-07T16:51:02","slug":"carte-auvergne-rhone-alpes","status":"publish","type":"product","link":"https:\/\/urbex-adresse.com\/index.php\/produit\/carte-auvergne-rhone-alpes\/","title":{"rendered":"Carte Auvergne Rhone Alpes"},"content":{"rendered":"<p>Carte urbex et rurex de la R\u00e9gion Auvergne Rhone Alpes enti\u00e8re compos\u00e9e de 250 adresses urbex v\u00e9rifi\u00e9es.<\/p>\n<p>Format KMZ tr\u00e8s facile \u00e0 ouvrir dans Google Earth et \u00e0 utiliser.<\/p>\n<p>La carte est livr\u00e9e instantan\u00e9ment apr\u00e8s la commande.<\/p>\n<p>Notre service clients est l\u00e0 pour la moindre question.<\/p>\n","protected":false},"excerpt":{"rendered":"<p>Carte urbex et rurex de la R\u00e9gion Auvergne Rhone Alpes enti\u00e8re compos\u00e9e de 250 adresses urbex v\u00e9rifi\u00e9es. Format KMZ tr\u00e8s facile \u00e0 ouvrir dans Google Earth et \u00e0 utiliser. La carte est livr\u00e9e instantan\u00e9ment apr\u00e8s la commande. Notre service clients est l\u00e0 pour la moindre question.<\/p>\n","protected":false},"featured_media":11543,"comment_status":"closed","ping_status":"closed","template":"","meta":{"_eb_attr":"","site-sidebar-layout":"default","site-content-layout":"default","ast-site-content-layout":"default","site-content-style":"default","site-sidebar-style":"default","ast-global-header-display":"","ast-banner-title-visibility":"","ast-main-header-display":"","ast-hfb-above-header-display":"","ast-hfb-below-header-display":"","ast-hfb-mobile-header-display":"","site-post-title":"","ast-breadcrumbs-content":"","ast-featured-img":"","footer-sml-layout":"","ast-disable-related-posts":"","theme-transparent-header-meta":"default","adv-header-id-meta":"","stick-header-meta":"","header-above-stick-meta":"","header-main-stick-meta":"","header-below-stick-meta":"","astra-migrate-meta-layouts":"default","ast-page-background-enabled":"default","ast-page-background-meta":{"desktop":{"background-color":"var(--ast-global-color-4)","background-image":"","background-repeat":"repeat","background-position":"center center","background-size":"auto","background-attachment":"scroll","background-type":"","background-media":"","overlay-type":"","overlay-color":"","overlay-opacity":"","overlay-gradient":""},"tablet":{"background-color":"","background-image":"","background-repeat":"repeat","background-position":"center center","background-size":"auto","background-attachment":"scroll","background-type":"","background-media":"","overlay-type":"","overlay-color":"","overlay-opacity":"","overlay-gradient":""},"mobile":{"background-color":"","background-image":"","background-repeat":"repeat","background-position":"center center","background-size":"auto","background-attachment":"scroll","background-type":"","background-media":"","overlay-type":"","overlay-color":"","overlay-opacity":"","overlay-gradient":""}},"ast-content-background-meta":{"desktop":{"background-color":"var(--ast-global-color-5)","background-image":"","background-repeat":"repeat","background-position":"center center","background-size":"auto","background-attachment":"scroll","background-type":"","background-media":"","overlay-type":"","overlay-color":"","overlay-opacity":"","overlay-gradient":""},"tablet":{"background-color":"var(--ast-global-color-5)","background-image":"","background-repeat":"repeat","background-position":"center center","background-size":"auto","background-attachment":"scroll","background-type":"","background-media":"","overlay-type":"","overlay-color":"","overlay-opacity":"","overlay-gradient":""},"mobile":{"background-color":"var(--ast-global-color-5)","background-image":"","background-repeat":"repeat","background-position":"center center","background-size":"auto","background-attachment":"scroll","background-type":"","background-media":"","overlay-type":"","overlay-color":"","overlay-opacity":"","overlay-gradient":""}}},"product_brand":[],"product_cat":[235],"product_tag":[410],"class_list":{"0":"post-11542","1":"product","2":"type-product","3":"status-publish","4":"has-post-thumbnail","6":"product_cat-auvergne-rhone-alpes","7":"product_tag-carte","8":"desktop-align-center","9":"tablet-align-left","10":"mobile-align-left","12":"first","13":"instock","14":"downloadable","15":"shipping-taxable","16":"purchasable","17":"product-type-simple"},"yoast_head":"<!-- This site is optimized with the Yoast SEO plugin v27.4 - https:\/\/yoast.com\/product\/yoast-seo-wordpress\/ -->\n<title>Carte Auvergne Rhone Alpes - URBEX ADRESSE<\/title>\n<meta name=\"description\" content=\"Carte urbex et rurex de la R\u00e9gion Auvergne Rhone Alpes enti\u00e8re compos\u00e9e de 250 adresses urbex v\u00e9rifi\u00e9es.Format KMZ tr\u00e8s facile \u00e0 ouvrir dans Google Earth et \u00e0 utiliser.\" \/>\n<meta name=\"robots\" content=\"index, follow, max-snippet:-1, max-image-preview:large, max-video-preview:-1\" \/>\n<link rel=\"canonical\" href=\"https:\/\/urbex-adresse.com\/index.php\/produit\/carte-auvergne-rhone-alpes\/\" \/>\n<meta property=\"og:locale\" content=\"fr_FR\" \/>\n<meta property=\"og:type\" content=\"article\" \/>\n<meta property=\"og:title\" content=\"Carte Auvergne Rhone Alpes - URBEX ADRESSE\" \/>\n<meta property=\"og:description\" content=\"Carte urbex et rurex de la R\u00e9gion Auvergne Rhone Alpes enti\u00e8re compos\u00e9e de 250 adresses urbex v\u00e9rifi\u00e9es.Format KMZ tr\u00e8s facile \u00e0 ouvrir dans Google Earth et \u00e0 utiliser.\" \/>\n<meta property=\"og:url\" content=\"https:\/\/urbex-adresse.com\/index.php\/produit\/carte-auvergne-rhone-alpes\/\" \/>\n<meta property=\"og:site_name\" content=\"URBEX ADRESSE\" \/>\n<meta property=\"article:modified_time\" content=\"2025-12-07T16:51:02+00:00\" \/>\n<meta property=\"og:image\" content=\"https:\/\/urbex-adresse.com\/wp-content\/uploads\/2023\/07\/langfr-1024px-Auvergne-Rhone-Alpes_region_locator_map.svg_-300x300.jpg.webp\" \/>\n\t<meta property=\"og:image:width\" content=\"300\" \/>\n\t<meta property=\"og:image:height\" content=\"300\" \/>\n\t<meta property=\"og:image:type\" content=\"image\/webp\" \/>\n<meta name=\"twitter:card\" content=\"summary_large_image\" \/>\n<meta name=\"twitter:label1\" content=\"Dur\u00e9e de lecture estim\u00e9e\" \/>\n\t<meta name=\"twitter:data1\" content=\"1 minute\" \/>\n<script type=\"application\/ld+json\" class=\"yoast-schema-graph\">{\"@context\":\"https:\\\/\\\/schema.org\",\"@graph\":[{\"@type\":\"WebPage\",\"@id\":\"https:\\\/\\\/urbex-adresse.com\\\/index.php\\\/produit\\\/carte-auvergne-rhone-alpes\\\/\",\"url\":\"https:\\\/\\\/urbex-adresse.com\\\/index.php\\\/produit\\\/carte-auvergne-rhone-alpes\\\/\",\"name\":\"Carte Auvergne Rhone Alpes - URBEX ADRESSE\",\"isPartOf\":{\"@id\":\"https:\\\/\\\/urbex-adresse.com\\\/#website\"},\"primaryImageOfPage\":{\"@id\":\"https:\\\/\\\/urbex-adresse.com\\\/index.php\\\/produit\\\/carte-auvergne-rhone-alpes\\\/#primaryimage\"},\"image\":{\"@id\":\"https:\\\/\\\/urbex-adresse.com\\\/index.php\\\/produit\\\/carte-auvergne-rhone-alpes\\\/#primaryimage\"},\"thumbnailUrl\":\"https:\\\/\\\/urbex-adresse.com\\\/wp-content\\\/uploads\\\/2023\\\/07\\\/langfr-1024px-Auvergne-Rhone-Alpes_region_locator_map.svg_-300x300.jpg.webp\",\"datePublished\":\"2023-07-11T13:07:40+00:00\",\"dateModified\":\"2025-12-07T16:51:02+00:00\",\"description\":\"Carte urbex et rurex de la R\u00e9gion Auvergne Rhone Alpes enti\u00e8re compos\u00e9e de 250 adresses urbex v\u00e9rifi\u00e9es.Format KMZ tr\u00e8s facile \u00e0 ouvrir dans Google Earth et \u00e0 utiliser.\",\"breadcrumb\":{\"@id\":\"https:\\\/\\\/urbex-adresse.com\\\/index.php\\\/produit\\\/carte-auvergne-rhone-alpes\\\/#breadcrumb\"},\"inLanguage\":\"fr-FR\",\"potentialAction\":[{\"@type\":\"ReadAction\",\"target\":[\"https:\\\/\\\/urbex-adresse.com\\\/index.php\\\/produit\\\/carte-auvergne-rhone-alpes\\\/\"]}]},{\"@type\":\"ImageObject\",\"inLanguage\":\"fr-FR\",\"@id\":\"https:\\\/\\\/urbex-adresse.com\\\/index.php\\\/produit\\\/carte-auvergne-rhone-alpes\\\/#primaryimage\",\"url\":\"https:\\\/\\\/urbex-adresse.com\\\/wp-content\\\/uploads\\\/2023\\\/07\\\/langfr-1024px-Auvergne-Rhone-Alpes_region_locator_map.svg_-300x300.jpg.webp\",\"contentUrl\":\"https:\\\/\\\/urbex-adresse.com\\\/wp-content\\\/uploads\\\/2023\\\/07\\\/langfr-1024px-Auvergne-Rhone-Alpes_region_locator_map.svg_-300x300.jpg.webp\",\"width\":300,\"height\":300},{\"@type\":\"BreadcrumbList\",\"@id\":\"https:\\\/\\\/urbex-adresse.com\\\/index.php\\\/produit\\\/carte-auvergne-rhone-alpes\\\/#breadcrumb\",\"itemListElement\":[{\"@type\":\"ListItem\",\"position\":1,\"name\":\"Accueil\",\"item\":\"https:\\\/\\\/urbex-adresse.com\\\/\"},{\"@type\":\"ListItem\",\"position\":2,\"name\":\"Boutique\",\"item\":\"https:\\\/\\\/urbex-adresse.com\\\/index.php\\\/boutique\\\/\"},{\"@type\":\"ListItem\",\"position\":3,\"name\":\"Carte Auvergne Rhone Alpes\"}]},{\"@type\":\"WebSite\",\"@id\":\"https:\\\/\\\/urbex-adresse.com\\\/#website\",\"url\":\"https:\\\/\\\/urbex-adresse.com\\\/\",\"name\":\"URBEX ADRESSE\",\"description\":\"Toutes les adresses urbex en France\",\"publisher\":{\"@id\":\"https:\\\/\\\/urbex-adresse.com\\\/#organization\"},\"potentialAction\":[{\"@type\":\"SearchAction\",\"target\":{\"@type\":\"EntryPoint\",\"urlTemplate\":\"https:\\\/\\\/urbex-adresse.com\\\/?s={search_term_string}\"},\"query-input\":{\"@type\":\"PropertyValueSpecification\",\"valueRequired\":true,\"valueName\":\"search_term_string\"}}],\"inLanguage\":\"fr-FR\"},{\"@type\":\"Organization\",\"@id\":\"https:\\\/\\\/urbex-adresse.com\\\/#organization\",\"name\":\"URBEX ADRESSE\",\"url\":\"https:\\\/\\\/urbex-adresse.com\\\/\",\"logo\":{\"@type\":\"ImageObject\",\"inLanguage\":\"fr-FR\",\"@id\":\"https:\\\/\\\/urbex-adresse.com\\\/#\\\/schema\\\/logo\\\/image\\\/\",\"url\":\"https:\\\/\\\/urbex-adresse.com\\\/wp-content\\\/uploads\\\/2023\\\/01\\\/cropped-logo3.png\",\"contentUrl\":\"https:\\\/\\\/urbex-adresse.com\\\/wp-content\\\/uploads\\\/2023\\\/01\\\/cropped-logo3.png\",\"width\":150,\"height\":123,\"caption\":\"URBEX ADRESSE\"},\"image\":{\"@id\":\"https:\\\/\\\/urbex-adresse.com\\\/#\\\/schema\\\/logo\\\/image\\\/\"}}]}<\/script>\n<!-- \/ Yoast SEO plugin. -->","yoast_head_json":{"title":"Carte Auvergne Rhone Alpes - URBEX ADRESSE","description":"Carte urbex et rurex de la R\u00e9gion Auvergne Rhone Alpes enti\u00e8re compos\u00e9e de 250 adresses urbex v\u00e9rifi\u00e9es.Format KMZ tr\u00e8s facile \u00e0 ouvrir dans Google Earth et \u00e0 utiliser.","robots":{"index":"index","follow":"follow","max-snippet":"max-snippet:-1","max-image-preview":"max-image-preview:large","max-video-preview":"max-video-preview:-1"},"canonical":"https:\/\/urbex-adresse.com\/index.php\/produit\/carte-auvergne-rhone-alpes\/","og_locale":"fr_FR","og_type":"article","og_title":"Carte Auvergne Rhone Alpes - URBEX ADRESSE","og_description":"Carte urbex et rurex de la R\u00e9gion Auvergne Rhone Alpes enti\u00e8re compos\u00e9e de 250 adresses urbex v\u00e9rifi\u00e9es.Format KMZ tr\u00e8s facile \u00e0 ouvrir dans Google Earth et \u00e0 utiliser.","og_url":"https:\/\/urbex-adresse.com\/index.php\/produit\/carte-auvergne-rhone-alpes\/","og_site_name":"URBEX ADRESSE","article_modified_time":"2025-12-07T16:51:02+00:00","og_image":[{"width":300,"height":300,"url":"https:\/\/urbex-adresse.com\/wp-content\/uploads\/2023\/07\/langfr-1024px-Auvergne-Rhone-Alpes_region_locator_map.svg_-300x300.jpg.webp","type":"image\/webp"}],"twitter_card":"summary_large_image","twitter_misc":{"Dur\u00e9e de lecture estim\u00e9e":"1 minute"},"schema":{"@context":"https:\/\/schema.org","@graph":[{"@type":"WebPage","@id":"https:\/\/urbex-adresse.com\/index.php\/produit\/carte-auvergne-rhone-alpes\/","url":"https:\/\/urbex-adresse.com\/index.php\/produit\/carte-auvergne-rhone-alpes\/","name":"Carte Auvergne Rhone Alpes - URBEX ADRESSE","isPartOf":{"@id":"https:\/\/urbex-adresse.com\/#website"},"primaryImageOfPage":{"@id":"https:\/\/urbex-adresse.com\/index.php\/produit\/carte-auvergne-rhone-alpes\/#primaryimage"},"image":{"@id":"https:\/\/urbex-adresse.com\/index.php\/produit\/carte-auvergne-rhone-alpes\/#primaryimage"},"thumbnailUrl":"https:\/\/urbex-adresse.com\/wp-content\/uploads\/2023\/07\/langfr-1024px-Auvergne-Rhone-Alpes_region_locator_map.svg_-300x300.jpg.webp","datePublished":"2023-07-11T13:07:40+00:00","dateModified":"2025-12-07T16:51:02+00:00","description":"Carte urbex et rurex de la R\u00e9gion Auvergne Rhone Alpes enti\u00e8re compos\u00e9e de 250 adresses urbex v\u00e9rifi\u00e9es.Format KMZ tr\u00e8s facile \u00e0 ouvrir dans Google Earth et \u00e0 utiliser.","breadcrumb":{"@id":"https:\/\/urbex-adresse.com\/index.php\/produit\/carte-auvergne-rhone-alpes\/#breadcrumb"},"inLanguage":"fr-FR","potentialAction":[{"@type":"ReadAction","target":["https:\/\/urbex-adresse.com\/index.php\/produit\/carte-auvergne-rhone-alpes\/"]}]},{"@type":"ImageObject","inLanguage":"fr-FR","@id":"https:\/\/urbex-adresse.com\/index.php\/produit\/carte-auvergne-rhone-alpes\/#primaryimage","url":"https:\/\/urbex-adresse.com\/wp-content\/uploads\/2023\/07\/langfr-1024px-Auvergne-Rhone-Alpes_region_locator_map.svg_-300x300.jpg.webp","contentUrl":"https:\/\/urbex-adresse.com\/wp-content\/uploads\/2023\/07\/langfr-1024px-Auvergne-Rhone-Alpes_region_locator_map.svg_-300x300.jpg.webp","width":300,"height":300},{"@type":"BreadcrumbList","@id":"https:\/\/urbex-adresse.com\/index.php\/produit\/carte-auvergne-rhone-alpes\/#breadcrumb","itemListElement":[{"@type":"ListItem","position":1,"name":"Accueil","item":"https:\/\/urbex-adresse.com\/"},{"@type":"ListItem","position":2,"name":"Boutique","item":"https:\/\/urbex-adresse.com\/index.php\/boutique\/"},{"@type":"ListItem","position":3,"name":"Carte Auvergne Rhone Alpes"}]},{"@type":"WebSite","@id":"https:\/\/urbex-adresse.com\/#website","url":"https:\/\/urbex-adresse.com\/","name":"URBEX ADRESSE","description":"Toutes les adresses urbex en France","publisher":{"@id":"https:\/\/urbex-adresse.com\/#organization"},"potentialAction":[{"@type":"SearchAction","target":{"@type":"EntryPoint","urlTemplate":"https:\/\/urbex-adresse.com\/?s={search_term_string}"},"query-input":{"@type":"PropertyValueSpecification","valueRequired":true,"valueName":"search_term_string"}}],"inLanguage":"fr-FR"},{"@type":"Organization","@id":"https:\/\/urbex-adresse.com\/#organization","name":"URBEX ADRESSE","url":"https:\/\/urbex-adresse.com\/","logo":{"@type":"ImageObject","inLanguage":"fr-FR","@id":"https:\/\/urbex-adresse.com\/#\/schema\/logo\/image\/","url":"https:\/\/urbex-adresse.com\/wp-content\/uploads\/2023\/01\/cropped-logo3.png","contentUrl":"https:\/\/urbex-adresse.com\/wp-content\/uploads\/2023\/01\/cropped-logo3.png","width":150,"height":123,"caption":"URBEX ADRESSE"},"image":{"@id":"https:\/\/urbex-adresse.com\/#\/schema\/logo\/image\/"}}]}},"jetpack_sharing_enabled":true,"_links":{"self":[{"href":"https:\/\/urbex-adresse.com\/index.php\/wp-json\/wp\/v2\/product\/11542","targetHints":{"allow":["GET"]}}],"collection":[{"href":"https:\/\/urbex-adresse.com\/index.php\/wp-json\/wp\/v2\/product"}],"about":[{"href":"https:\/\/urbex-adresse.com\/index.php\/wp-json\/wp\/v2\/types\/product"}],"replies":[{"embeddable":true,"href":"https:\/\/urbex-adresse.com\/index.php\/wp-json\/wp\/v2\/comments?post=11542"}],"wp:featuredmedia":[{"embeddable":true,"href":"https:\/\/urbex-adresse.com\/index.php\/wp-json\/wp\/v2\/media\/11543"}],"wp:attachment":[{"href":"https:\/\/urbex-adresse.com\/index.php\/wp-json\/wp\/v2\/media?parent=11542"}],"wp:term":[{"taxonomy":"product_brand","embeddable":true,"href":"https:\/\/urbex-adresse.com\/index.php\/wp-json\/wp\/v2\/product_brand?post=11542"},{"taxonomy":"product_cat","embeddable":true,"href":"https:\/\/urbex-adresse.com\/index.php\/wp-json\/wp\/v2\/product_cat?post=11542"},{"taxonomy":"product_tag","embeddable":true,"href":"https:\/\/urbex-adresse.com\/index.php\/wp-json\/wp\/v2\/product_tag?post=11542"}],"curies":[{"name":"wp","href":"https:\/\/api.w.org\/{rel}","templated":true}]}}