{"id":11642,"date":"2023-07-13T14:57:18","date_gmt":"2023-07-13T12:57:18","guid":{"rendered":"https:\/\/urbex-adresse.com\/?post_type=product&#038;p=11642"},"modified":"2026-02-16T20:31:45","modified_gmt":"2026-02-16T19:31:45","slug":"carte-france","status":"publish","type":"product","link":"https:\/\/urbex-adresse.com\/index.php\/produit\/carte-france\/","title":{"rendered":"Carte France"},"content":{"rendered":"<p>Carte urbex et rurex de la France enti\u00e8re compos\u00e9e de 1856 adresses urbex v\u00e9rifi\u00e9es.<\/p>\n<p>Format KMZ tr\u00e8s facile \u00e0 ouvrir dans Google Earth et \u00e0 utiliser.<\/p>\n<p>La carte est livr\u00e9e instantan\u00e9ment apr\u00e8s la commande.<\/p>\n<p>Notre service clients est l\u00e0 pour la moindre question.<\/p>\n<p><img fetchpriority=\"high\" decoding=\"async\" class=\"alignnone size-medium wp-image-16638\" src=\"https:\/\/urbex-adresse.com\/wp-content\/uploads\/2025\/10\/Carte_France-300x199.png\" alt=\"\" width=\"300\" height=\"199\" srcset=\"https:\/\/urbex-adresse.com\/wp-content\/uploads\/2025\/10\/Carte_France-300x199.png 300w, https:\/\/urbex-adresse.com\/wp-content\/uploads\/2025\/10\/Carte_France-768x510.png 768w, https:\/\/urbex-adresse.com\/wp-content\/uploads\/2025\/10\/Carte_France-600x398.png 600w, https:\/\/urbex-adresse.com\/wp-content\/uploads\/2025\/10\/Carte_France.png 851w\" sizes=\"(max-width: 300px) 100vw, 300px\" \/><\/p>\n<p>Screenshot de la carte qui sera communiqu\u00e9e avec les coordonn\u00e9es gps pour chaque points<\/p>\n","protected":false},"excerpt":{"rendered":"<p>Carte urbex et rurex de la France enti\u00e8re compos\u00e9e de 1856 adresses urbex v\u00e9rifi\u00e9es. Format KMZ tr\u00e8s facile \u00e0 ouvrir dans Google Earth et \u00e0 utiliser. La carte est livr\u00e9e instantan\u00e9ment apr\u00e8s la commande. Notre service clients est l\u00e0 pour la moindre question. Screenshot de la carte qui sera communiqu\u00e9e avec les coordonn\u00e9es gps pour [&hellip;]<\/p>\n","protected":false},"featured_media":11644,"comment_status":"closed","ping_status":"closed","template":"","meta":{"_eb_attr":"","site-sidebar-layout":"default","site-content-layout":"default","ast-site-content-layout":"default","site-content-style":"default","site-sidebar-style":"default","ast-global-header-display":"","ast-banner-title-visibility":"","ast-main-header-display":"","ast-hfb-above-header-display":"","ast-hfb-below-header-display":"","ast-hfb-mobile-header-display":"","site-post-title":"","ast-breadcrumbs-content":"","ast-featured-img":"","footer-sml-layout":"","ast-disable-related-posts":"","theme-transparent-header-meta":"default","adv-header-id-meta":"","stick-header-meta":"","header-above-stick-meta":"","header-main-stick-meta":"","header-below-stick-meta":"","astra-migrate-meta-layouts":"set","ast-page-background-enabled":"default","ast-page-background-meta":{"desktop":{"background-color":"var(--ast-global-color-4)","background-image":"","background-repeat":"repeat","background-position":"center center","background-size":"auto","background-attachment":"scroll","background-type":"","background-media":"","overlay-type":"","overlay-color":"","overlay-opacity":"","overlay-gradient":""},"tablet":{"background-color":"","background-image":"","background-repeat":"repeat","background-position":"center center","background-size":"auto","background-attachment":"scroll","background-type":"","background-media":"","overlay-type":"","overlay-color":"","overlay-opacity":"","overlay-gradient":""},"mobile":{"background-color":"","background-image":"","background-repeat":"repeat","background-position":"center center","background-size":"auto","background-attachment":"scroll","background-type":"","background-media":"","overlay-type":"","overlay-color":"","overlay-opacity":"","overlay-gradient":""}},"ast-content-background-meta":{"desktop":{"background-color":"var(--ast-global-color-5)","background-image":"","background-repeat":"repeat","background-position":"center center","background-size":"auto","background-attachment":"scroll","background-type":"","background-media":"","overlay-type":"","overlay-color":"","overlay-opacity":"","overlay-gradient":""},"tablet":{"background-color":"var(--ast-global-color-5)","background-image":"","background-repeat":"repeat","background-position":"center center","background-size":"auto","background-attachment":"scroll","background-type":"","background-media":"","overlay-type":"","overlay-color":"","overlay-opacity":"","overlay-gradient":""},"mobile":{"background-color":"var(--ast-global-color-5)","background-image":"","background-repeat":"repeat","background-position":"center center","background-size":"auto","background-attachment":"scroll","background-type":"","background-media":"","overlay-type":"","overlay-color":"","overlay-opacity":"","overlay-gradient":""}}},"product_brand":[],"product_cat":[407],"product_tag":[410],"class_list":{"0":"post-11642","1":"product","2":"type-product","3":"status-publish","4":"has-post-thumbnail","6":"product_cat-france","7":"product_tag-carte","8":"desktop-align-center","9":"tablet-align-left","10":"mobile-align-left","12":"first","13":"instock","14":"downloadable","15":"shipping-taxable","16":"purchasable","17":"product-type-simple"},"yoast_head":"<!-- This site is optimized with the Yoast SEO plugin v27.4 - https:\/\/yoast.com\/product\/yoast-seo-wordpress\/ -->\n<title>Carte France - URBEX ADRESSE<\/title>\n<meta name=\"description\" content=\"Carte urbex et rurex de la France enti\u00e8re compos\u00e9e de 1856 adresses urbex v\u00e9rifi\u00e9es.Format KMZ tr\u00e8s facile \u00e0 ouvrir dans Google Earth et \u00e0 utiliser.\" \/>\n<meta name=\"robots\" content=\"index, follow, max-snippet:-1, max-image-preview:large, max-video-preview:-1\" \/>\n<link rel=\"canonical\" href=\"https:\/\/urbex-adresse.com\/index.php\/produit\/carte-france\/\" \/>\n<meta property=\"og:locale\" content=\"fr_FR\" \/>\n<meta property=\"og:type\" content=\"article\" \/>\n<meta property=\"og:title\" content=\"Carte France - URBEX ADRESSE\" \/>\n<meta property=\"og:description\" content=\"Carte urbex et rurex de la France enti\u00e8re compos\u00e9e de 1856 adresses urbex v\u00e9rifi\u00e9es.Format KMZ tr\u00e8s facile \u00e0 ouvrir dans Google Earth et \u00e0 utiliser.\" \/>\n<meta property=\"og:url\" content=\"https:\/\/urbex-adresse.com\/index.php\/produit\/carte-france\/\" \/>\n<meta property=\"og:site_name\" content=\"URBEX ADRESSE\" \/>\n<meta property=\"article:modified_time\" content=\"2026-02-16T19:31:45+00:00\" \/>\n<meta property=\"og:image\" content=\"https:\/\/urbex-adresse.com\/wp-content\/uploads\/2023\/07\/France.jpg\" \/>\n\t<meta property=\"og:image:width\" content=\"812\" \/>\n\t<meta property=\"og:image:height\" content=\"730\" \/>\n\t<meta property=\"og:image:type\" content=\"image\/jpeg\" \/>\n<meta name=\"twitter:card\" content=\"summary_large_image\" \/>\n<meta name=\"twitter:label1\" content=\"Dur\u00e9e de lecture estim\u00e9e\" \/>\n\t<meta name=\"twitter:data1\" content=\"1 minute\" \/>\n<script type=\"application\/ld+json\" class=\"yoast-schema-graph\">{\"@context\":\"https:\\\/\\\/schema.org\",\"@graph\":[{\"@type\":\"WebPage\",\"@id\":\"https:\\\/\\\/urbex-adresse.com\\\/index.php\\\/produit\\\/carte-france\\\/\",\"url\":\"https:\\\/\\\/urbex-adresse.com\\\/index.php\\\/produit\\\/carte-france\\\/\",\"name\":\"Carte France - URBEX ADRESSE\",\"isPartOf\":{\"@id\":\"https:\\\/\\\/urbex-adresse.com\\\/#website\"},\"primaryImageOfPage\":{\"@id\":\"https:\\\/\\\/urbex-adresse.com\\\/index.php\\\/produit\\\/carte-france\\\/#primaryimage\"},\"image\":{\"@id\":\"https:\\\/\\\/urbex-adresse.com\\\/index.php\\\/produit\\\/carte-france\\\/#primaryimage\"},\"thumbnailUrl\":\"https:\\\/\\\/urbex-adresse.com\\\/wp-content\\\/uploads\\\/2023\\\/07\\\/France.jpg\",\"datePublished\":\"2023-07-13T12:57:18+00:00\",\"dateModified\":\"2026-02-16T19:31:45+00:00\",\"description\":\"Carte urbex et rurex de la France enti\u00e8re compos\u00e9e de 1856 adresses urbex v\u00e9rifi\u00e9es.Format KMZ tr\u00e8s facile \u00e0 ouvrir dans Google Earth et \u00e0 utiliser.\",\"breadcrumb\":{\"@id\":\"https:\\\/\\\/urbex-adresse.com\\\/index.php\\\/produit\\\/carte-france\\\/#breadcrumb\"},\"inLanguage\":\"fr-FR\",\"potentialAction\":[{\"@type\":\"ReadAction\",\"target\":[\"https:\\\/\\\/urbex-adresse.com\\\/index.php\\\/produit\\\/carte-france\\\/\"]}]},{\"@type\":\"ImageObject\",\"inLanguage\":\"fr-FR\",\"@id\":\"https:\\\/\\\/urbex-adresse.com\\\/index.php\\\/produit\\\/carte-france\\\/#primaryimage\",\"url\":\"https:\\\/\\\/urbex-adresse.com\\\/wp-content\\\/uploads\\\/2023\\\/07\\\/France.jpg\",\"contentUrl\":\"https:\\\/\\\/urbex-adresse.com\\\/wp-content\\\/uploads\\\/2023\\\/07\\\/France.jpg\",\"width\":812,\"height\":730},{\"@type\":\"BreadcrumbList\",\"@id\":\"https:\\\/\\\/urbex-adresse.com\\\/index.php\\\/produit\\\/carte-france\\\/#breadcrumb\",\"itemListElement\":[{\"@type\":\"ListItem\",\"position\":1,\"name\":\"Accueil\",\"item\":\"https:\\\/\\\/urbex-adresse.com\\\/\"},{\"@type\":\"ListItem\",\"position\":2,\"name\":\"Boutique\",\"item\":\"https:\\\/\\\/urbex-adresse.com\\\/index.php\\\/boutique\\\/\"},{\"@type\":\"ListItem\",\"position\":3,\"name\":\"Carte France\"}]},{\"@type\":\"WebSite\",\"@id\":\"https:\\\/\\\/urbex-adresse.com\\\/#website\",\"url\":\"https:\\\/\\\/urbex-adresse.com\\\/\",\"name\":\"URBEX ADRESSE\",\"description\":\"Toutes les adresses urbex en France\",\"publisher\":{\"@id\":\"https:\\\/\\\/urbex-adresse.com\\\/#organization\"},\"potentialAction\":[{\"@type\":\"SearchAction\",\"target\":{\"@type\":\"EntryPoint\",\"urlTemplate\":\"https:\\\/\\\/urbex-adresse.com\\\/?s={search_term_string}\"},\"query-input\":{\"@type\":\"PropertyValueSpecification\",\"valueRequired\":true,\"valueName\":\"search_term_string\"}}],\"inLanguage\":\"fr-FR\"},{\"@type\":\"Organization\",\"@id\":\"https:\\\/\\\/urbex-adresse.com\\\/#organization\",\"name\":\"URBEX ADRESSE\",\"url\":\"https:\\\/\\\/urbex-adresse.com\\\/\",\"logo\":{\"@type\":\"ImageObject\",\"inLanguage\":\"fr-FR\",\"@id\":\"https:\\\/\\\/urbex-adresse.com\\\/#\\\/schema\\\/logo\\\/image\\\/\",\"url\":\"https:\\\/\\\/urbex-adresse.com\\\/wp-content\\\/uploads\\\/2023\\\/01\\\/cropped-logo3.png\",\"contentUrl\":\"https:\\\/\\\/urbex-adresse.com\\\/wp-content\\\/uploads\\\/2023\\\/01\\\/cropped-logo3.png\",\"width\":150,\"height\":123,\"caption\":\"URBEX ADRESSE\"},\"image\":{\"@id\":\"https:\\\/\\\/urbex-adresse.com\\\/#\\\/schema\\\/logo\\\/image\\\/\"}}]}<\/script>\n<!-- \/ Yoast SEO plugin. -->","yoast_head_json":{"title":"Carte France - URBEX ADRESSE","description":"Carte urbex et rurex de la France enti\u00e8re compos\u00e9e de 1856 adresses urbex v\u00e9rifi\u00e9es.Format KMZ tr\u00e8s facile \u00e0 ouvrir dans Google Earth et \u00e0 utiliser.","robots":{"index":"index","follow":"follow","max-snippet":"max-snippet:-1","max-image-preview":"max-image-preview:large","max-video-preview":"max-video-preview:-1"},"canonical":"https:\/\/urbex-adresse.com\/index.php\/produit\/carte-france\/","og_locale":"fr_FR","og_type":"article","og_title":"Carte France - URBEX ADRESSE","og_description":"Carte urbex et rurex de la France enti\u00e8re compos\u00e9e de 1856 adresses urbex v\u00e9rifi\u00e9es.Format KMZ tr\u00e8s facile \u00e0 ouvrir dans Google Earth et \u00e0 utiliser.","og_url":"https:\/\/urbex-adresse.com\/index.php\/produit\/carte-france\/","og_site_name":"URBEX ADRESSE","article_modified_time":"2026-02-16T19:31:45+00:00","og_image":[{"width":812,"height":730,"url":"https:\/\/urbex-adresse.com\/wp-content\/uploads\/2023\/07\/France.jpg","type":"image\/jpeg"}],"twitter_card":"summary_large_image","twitter_misc":{"Dur\u00e9e de lecture estim\u00e9e":"1 minute"},"schema":{"@context":"https:\/\/schema.org","@graph":[{"@type":"WebPage","@id":"https:\/\/urbex-adresse.com\/index.php\/produit\/carte-france\/","url":"https:\/\/urbex-adresse.com\/index.php\/produit\/carte-france\/","name":"Carte France - URBEX ADRESSE","isPartOf":{"@id":"https:\/\/urbex-adresse.com\/#website"},"primaryImageOfPage":{"@id":"https:\/\/urbex-adresse.com\/index.php\/produit\/carte-france\/#primaryimage"},"image":{"@id":"https:\/\/urbex-adresse.com\/index.php\/produit\/carte-france\/#primaryimage"},"thumbnailUrl":"https:\/\/urbex-adresse.com\/wp-content\/uploads\/2023\/07\/France.jpg","datePublished":"2023-07-13T12:57:18+00:00","dateModified":"2026-02-16T19:31:45+00:00","description":"Carte urbex et rurex de la France enti\u00e8re compos\u00e9e de 1856 adresses urbex v\u00e9rifi\u00e9es.Format KMZ tr\u00e8s facile \u00e0 ouvrir dans Google Earth et \u00e0 utiliser.","breadcrumb":{"@id":"https:\/\/urbex-adresse.com\/index.php\/produit\/carte-france\/#breadcrumb"},"inLanguage":"fr-FR","potentialAction":[{"@type":"ReadAction","target":["https:\/\/urbex-adresse.com\/index.php\/produit\/carte-france\/"]}]},{"@type":"ImageObject","inLanguage":"fr-FR","@id":"https:\/\/urbex-adresse.com\/index.php\/produit\/carte-france\/#primaryimage","url":"https:\/\/urbex-adresse.com\/wp-content\/uploads\/2023\/07\/France.jpg","contentUrl":"https:\/\/urbex-adresse.com\/wp-content\/uploads\/2023\/07\/France.jpg","width":812,"height":730},{"@type":"BreadcrumbList","@id":"https:\/\/urbex-adresse.com\/index.php\/produit\/carte-france\/#breadcrumb","itemListElement":[{"@type":"ListItem","position":1,"name":"Accueil","item":"https:\/\/urbex-adresse.com\/"},{"@type":"ListItem","position":2,"name":"Boutique","item":"https:\/\/urbex-adresse.com\/index.php\/boutique\/"},{"@type":"ListItem","position":3,"name":"Carte France"}]},{"@type":"WebSite","@id":"https:\/\/urbex-adresse.com\/#website","url":"https:\/\/urbex-adresse.com\/","name":"URBEX ADRESSE","description":"Toutes les adresses urbex en France","publisher":{"@id":"https:\/\/urbex-adresse.com\/#organization"},"potentialAction":[{"@type":"SearchAction","target":{"@type":"EntryPoint","urlTemplate":"https:\/\/urbex-adresse.com\/?s={search_term_string}"},"query-input":{"@type":"PropertyValueSpecification","valueRequired":true,"valueName":"search_term_string"}}],"inLanguage":"fr-FR"},{"@type":"Organization","@id":"https:\/\/urbex-adresse.com\/#organization","name":"URBEX ADRESSE","url":"https:\/\/urbex-adresse.com\/","logo":{"@type":"ImageObject","inLanguage":"fr-FR","@id":"https:\/\/urbex-adresse.com\/#\/schema\/logo\/image\/","url":"https:\/\/urbex-adresse.com\/wp-content\/uploads\/2023\/01\/cropped-logo3.png","contentUrl":"https:\/\/urbex-adresse.com\/wp-content\/uploads\/2023\/01\/cropped-logo3.png","width":150,"height":123,"caption":"URBEX ADRESSE"},"image":{"@id":"https:\/\/urbex-adresse.com\/#\/schema\/logo\/image\/"}}]}},"jetpack_sharing_enabled":true,"_links":{"self":[{"href":"https:\/\/urbex-adresse.com\/index.php\/wp-json\/wp\/v2\/product\/11642","targetHints":{"allow":["GET"]}}],"collection":[{"href":"https:\/\/urbex-adresse.com\/index.php\/wp-json\/wp\/v2\/product"}],"about":[{"href":"https:\/\/urbex-adresse.com\/index.php\/wp-json\/wp\/v2\/types\/product"}],"replies":[{"embeddable":true,"href":"https:\/\/urbex-adresse.com\/index.php\/wp-json\/wp\/v2\/comments?post=11642"}],"wp:featuredmedia":[{"embeddable":true,"href":"https:\/\/urbex-adresse.com\/index.php\/wp-json\/wp\/v2\/media\/11644"}],"wp:attachment":[{"href":"https:\/\/urbex-adresse.com\/index.php\/wp-json\/wp\/v2\/media?parent=11642"}],"wp:term":[{"taxonomy":"product_brand","embeddable":true,"href":"https:\/\/urbex-adresse.com\/index.php\/wp-json\/wp\/v2\/product_brand?post=11642"},{"taxonomy":"product_cat","embeddable":true,"href":"https:\/\/urbex-adresse.com\/index.php\/wp-json\/wp\/v2\/product_cat?post=11642"},{"taxonomy":"product_tag","embeddable":true,"href":"https:\/\/urbex-adresse.com\/index.php\/wp-json\/wp\/v2\/product_tag?post=11642"}],"curies":[{"name":"wp","href":"https:\/\/api.w.org\/{rel}","templated":true}]}}